{"id":64293,"date":"2025-05-07T17:28:16","date_gmt":"2025-05-07T17:28:16","guid":{"rendered":"https:\/\/tecnicalivraria.com\/loja\/uncategorized\/uma-ideia-para-a-cidade-covilha-nuno-teotonio-pereira\/"},"modified":"2025-05-07T17:28:16","modified_gmt":"2025-05-07T17:28:16","slug":"uma-ideia-para-a-cidade-covilha-nuno-teotonio-pereira","status":"publish","type":"product","link":"https:\/\/tecnicalivraria.com\/en\/loja\/urbanism-landscape\/uma-ideia-para-a-cidade-covilha-nuno-teotonio-pereira\/","title":{"rendered":"UMA IDEIA PARA A CIDADE COVILH\u00c3 &#8211; NUNO TEOT\u00d3NIO PEREIRA"},"content":{"rendered":"","protected":false},"excerpt":{"rendered":"<div>\n<p>UMA IDEIA PARA A CIDADE COVILH\u00c3 &#8211; NUNO TEOT\u00d3NIO PEREIRA,<\/p>\n<p>autor: NUNO TEOT\u00d3NIO PEREIRA, edi\u00e7\u00e3o: CALEIDOSC\u00d3PIO,<\/p>\n<\/div>\n","protected":false},"featured_media":43448,"comment_status":"open","ping_status":"closed","template":"","meta":{"_acf_changed":false},"product_brand":[],"product_cat":[14761],"product_tag":[],"class_list":{"0":"post-64293","1":"product","2":"type-product","3":"status-publish","4":"has-post-thumbnail","6":"product_cat-urbanism-landscape","8":"first","9":"outofstock","10":"sale","11":"taxable","12":"shipping-taxable","13":"purchasable","14":"product-type-simple"},"acf":[],"_links":{"self":[{"href":"https:\/\/tecnicalivraria.com\/en\/wp-json\/wp\/v2\/product\/64293","targetHints":{"allow":["GET"]}}],"collection":[{"href":"https:\/\/tecnicalivraria.com\/en\/wp-json\/wp\/v2\/product"}],"about":[{"href":"https:\/\/tecnicalivraria.com\/en\/wp-json\/wp\/v2\/types\/product"}],"replies":[{"embeddable":true,"href":"https:\/\/tecnicalivraria.com\/en\/wp-json\/wp\/v2\/comments?post=64293"}],"wp:featuredmedia":[{"embeddable":true,"href":"https:\/\/tecnicalivraria.com\/en\/wp-json\/wp\/v2\/media\/43448"}],"wp:attachment":[{"href":"https:\/\/tecnicalivraria.com\/en\/wp-json\/wp\/v2\/media?parent=64293"}],"wp:term":[{"taxonomy":"product_brand","embeddable":true,"href":"https:\/\/tecnicalivraria.com\/en\/wp-json\/wp\/v2\/product_brand?post=64293"},{"taxonomy":"product_cat","embeddable":true,"href":"https:\/\/tecnicalivraria.com\/en\/wp-json\/wp\/v2\/product_cat?post=64293"},{"taxonomy":"product_tag","embeddable":true,"href":"https:\/\/tecnicalivraria.com\/en\/wp-json\/wp\/v2\/product_tag?post=64293"}],"curies":[{"name":"wp","href":"https:\/\/api.w.org\/{rel}","templated":true}]}}