{"id":64309,"date":"2025-05-07T17:28:07","date_gmt":"2025-05-07T17:28:07","guid":{"rendered":"https:\/\/tecnicalivraria.com\/loja\/uncategorized\/mocambique-1875-1975-cidades-territorio-e-arquitecturas\/"},"modified":"2026-04-14T10:20:22","modified_gmt":"2026-04-14T10:20:22","slug":"mocambique-1875-1975-cidades-territorio-e-arquitecturas","status":"publish","type":"product","link":"https:\/\/tecnicalivraria.com\/en\/loja\/urbanism-landscape\/mocambique-1875-1975-cidades-territorio-e-arquitecturas\/","title":{"rendered":"MO\u00c7AMBIQUE 1875\/1975 CIDADES, TERRIT\u00d3RIO E ARQUITECTURAS"},"content":{"rendered":"","protected":false},"excerpt":{"rendered":"<div>\n<p>MO\u00c7AMBIQUE 1875\/1975 CIDADES, TERRIT\u00d3RIO E ARQUITECTURAS, <\/p>\n<p>autor: JOS\u00c9 MANUEL FERNANDES, MARIA DE LURDES JANEIRO, OLGA IGL\u00c9SIAS NEVES, edi\u00e7\u00e3o: PRINTER PORTUGUESA,  \u00a0 <\/p>\n<div>\n<\/div>\n<\/p>\n<\/div>\n","protected":false},"featured_media":43448,"comment_status":"open","ping_status":"closed","template":"","meta":{"_acf_changed":false},"product_brand":[],"product_cat":[14761],"product_tag":[],"class_list":{"0":"post-64309","1":"product","2":"type-product","3":"status-publish","4":"has-post-thumbnail","6":"product_cat-urbanism-landscape","8":"first","9":"outofstock","10":"sale","11":"taxable","12":"shipping-taxable","13":"purchasable","14":"product-type-simple"},"acf":[],"_links":{"self":[{"href":"https:\/\/tecnicalivraria.com\/en\/wp-json\/wp\/v2\/product\/64309","targetHints":{"allow":["GET"]}}],"collection":[{"href":"https:\/\/tecnicalivraria.com\/en\/wp-json\/wp\/v2\/product"}],"about":[{"href":"https:\/\/tecnicalivraria.com\/en\/wp-json\/wp\/v2\/types\/product"}],"replies":[{"embeddable":true,"href":"https:\/\/tecnicalivraria.com\/en\/wp-json\/wp\/v2\/comments?post=64309"}],"wp:featuredmedia":[{"embeddable":true,"href":"https:\/\/tecnicalivraria.com\/en\/wp-json\/wp\/v2\/media\/43448"}],"wp:attachment":[{"href":"https:\/\/tecnicalivraria.com\/en\/wp-json\/wp\/v2\/media?parent=64309"}],"wp:term":[{"taxonomy":"product_brand","embeddable":true,"href":"https:\/\/tecnicalivraria.com\/en\/wp-json\/wp\/v2\/product_brand?post=64309"},{"taxonomy":"product_cat","embeddable":true,"href":"https:\/\/tecnicalivraria.com\/en\/wp-json\/wp\/v2\/product_cat?post=64309"},{"taxonomy":"product_tag","embeddable":true,"href":"https:\/\/tecnicalivraria.com\/en\/wp-json\/wp\/v2\/product_tag?post=64309"}],"curies":[{"name":"wp","href":"https:\/\/api.w.org\/{rel}","templated":true}]}}