{"id":64310,"date":"2025-05-07T17:28:06","date_gmt":"2025-05-07T17:28:06","guid":{"rendered":"https:\/\/tecnicalivraria.com\/loja\/uncategorized\/renascenca-artistica-e-praticas-de-conservacao-e-restauro-arquitectonico-em-portugal-durante-a-republica\/"},"modified":"2025-12-11T16:23:53","modified_gmt":"2025-12-11T16:23:53","slug":"renascenca-artistica-e-praticas-de-conservacao-e-restauro-arquitectonico-em-portugal-durante-a-republica","status":"publish","type":"product","link":"https:\/\/tecnicalivraria.com\/en\/loja\/theory-and-history\/renascenca-artistica-e-praticas-de-conservacao-e-restauro-arquitectonico-em-portugal-durante-a-republica\/","title":{"rendered":"RENASCEN\u00c7A ART\u00cdSTICA E PR\u00c1TICAS DE CONSERVA\u00c7\u00c3O E RESTAURO ARQUITECT\u00d3NICO EM PORTUGAL DURANTE A REP\u00daBLICA"},"content":{"rendered":"","protected":false},"excerpt":{"rendered":"<div>\n<p>RENASCEN\u00c7A ART\u00cdSTICA E PR\u00c1TICAS DE CONSERVA\u00c7\u00c3O E RESTAURO ARQUITECT\u00d3NICO EM PORTUGAL DURANTE A REP\u00daBLICA &#8211;<\/p>\n<p>AUTOR: JORGE CUST\u00d3DIO<br \/>\nEDITORA CALEIDOSC\u00d3PIO\u00a0\u00a0 ISBN: <strong> 9789896581329<\/strong><\/p>\n<p>&nbsp;<\/p>\n<\/div>\n","protected":false},"featured_media":31494,"comment_status":"open","ping_status":"closed","template":"","meta":{"_acf_changed":false},"product_brand":[],"product_cat":[14760],"product_tag":[],"class_list":{"0":"post-64310","1":"product","2":"type-product","3":"status-publish","4":"has-post-thumbnail","6":"product_cat-theory-and-history","8":"first","9":"instock","10":"sale","11":"taxable","12":"shipping-taxable","13":"purchasable","14":"product-type-simple"},"acf":[],"_links":{"self":[{"href":"https:\/\/tecnicalivraria.com\/en\/wp-json\/wp\/v2\/product\/64310","targetHints":{"allow":["GET"]}}],"collection":[{"href":"https:\/\/tecnicalivraria.com\/en\/wp-json\/wp\/v2\/product"}],"about":[{"href":"https:\/\/tecnicalivraria.com\/en\/wp-json\/wp\/v2\/types\/product"}],"replies":[{"embeddable":true,"href":"https:\/\/tecnicalivraria.com\/en\/wp-json\/wp\/v2\/comments?post=64310"}],"wp:featuredmedia":[{"embeddable":true,"href":"https:\/\/tecnicalivraria.com\/en\/wp-json\/wp\/v2\/media\/31494"}],"wp:attachment":[{"href":"https:\/\/tecnicalivraria.com\/en\/wp-json\/wp\/v2\/media?parent=64310"}],"wp:term":[{"taxonomy":"product_brand","embeddable":true,"href":"https:\/\/tecnicalivraria.com\/en\/wp-json\/wp\/v2\/product_brand?post=64310"},{"taxonomy":"product_cat","embeddable":true,"href":"https:\/\/tecnicalivraria.com\/en\/wp-json\/wp\/v2\/product_cat?post=64310"},{"taxonomy":"product_tag","embeddable":true,"href":"https:\/\/tecnicalivraria.com\/en\/wp-json\/wp\/v2\/product_tag?post=64310"}],"curies":[{"name":"wp","href":"https:\/\/api.w.org\/{rel}","templated":true}]}}