{"id":64313,"date":"2025-05-07T17:28:04","date_gmt":"2025-05-07T17:28:04","guid":{"rendered":"https:\/\/tecnicalivraria.com\/loja\/uncategorized\/manuel-vicente-trama-e-emocao\/"},"modified":"2025-05-07T17:28:04","modified_gmt":"2025-05-07T17:28:04","slug":"manuel-vicente-trama-e-emocao","status":"publish","type":"product","link":"https:\/\/tecnicalivraria.com\/en\/loja\/architecture\/manuel-vicente-trama-e-emocao\/","title":{"rendered":"MANUEL VICENTE \u2013 TRAMA E EMO\u00c7\u00c3O"},"content":{"rendered":"","protected":false},"excerpt":{"rendered":"<div>\n<p><span>MANUEL VICENTE \u2013 TRAMA E EMO\u00c7\u00c3O- PLOT AND EMOTION    <\/p>\n<p>AUTOR: JO\u00c3O AFONSO  EDI\u00c7\u00c3O: ATALHO \/ CALEIDOSC\u00d3PIO  PRE\u00c7O <br \/>EDITOR: 24,91\u20ac   <\/span><\/p>\n<\/div>\n","protected":false},"featured_media":31386,"comment_status":"open","ping_status":"closed","template":"","meta":{"_acf_changed":false},"product_brand":[],"product_cat":[14749],"product_tag":[],"class_list":{"0":"post-64313","1":"product","2":"type-product","3":"status-publish","4":"has-post-thumbnail","6":"product_cat-architecture","8":"first","9":"outofstock","10":"sale","11":"taxable","12":"shipping-taxable","13":"purchasable","14":"product-type-simple"},"acf":[],"_links":{"self":[{"href":"https:\/\/tecnicalivraria.com\/en\/wp-json\/wp\/v2\/product\/64313","targetHints":{"allow":["GET"]}}],"collection":[{"href":"https:\/\/tecnicalivraria.com\/en\/wp-json\/wp\/v2\/product"}],"about":[{"href":"https:\/\/tecnicalivraria.com\/en\/wp-json\/wp\/v2\/types\/product"}],"replies":[{"embeddable":true,"href":"https:\/\/tecnicalivraria.com\/en\/wp-json\/wp\/v2\/comments?post=64313"}],"wp:featuredmedia":[{"embeddable":true,"href":"https:\/\/tecnicalivraria.com\/en\/wp-json\/wp\/v2\/media\/31386"}],"wp:attachment":[{"href":"https:\/\/tecnicalivraria.com\/en\/wp-json\/wp\/v2\/media?parent=64313"}],"wp:term":[{"taxonomy":"product_brand","embeddable":true,"href":"https:\/\/tecnicalivraria.com\/en\/wp-json\/wp\/v2\/product_brand?post=64313"},{"taxonomy":"product_cat","embeddable":true,"href":"https:\/\/tecnicalivraria.com\/en\/wp-json\/wp\/v2\/product_cat?post=64313"},{"taxonomy":"product_tag","embeddable":true,"href":"https:\/\/tecnicalivraria.com\/en\/wp-json\/wp\/v2\/product_tag?post=64313"}],"curies":[{"name":"wp","href":"https:\/\/api.w.org\/{rel}","templated":true}]}}