{"id":64340,"date":"2025-05-07T17:26:44","date_gmt":"2025-05-07T17:26:44","guid":{"rendered":"https:\/\/tecnicalivraria.com\/loja\/uncategorized\/el-mueble-moderno-150-anos-desino\/"},"modified":"2026-01-22T16:51:08","modified_gmt":"2026-01-22T16:51:08","slug":"el-mueble-moderno-150-anos-desino","status":"publish","type":"product","link":"https:\/\/tecnicalivraria.com\/en\/loja\/architecture\/el-mueble-moderno-150-anos-desino\/","title":{"rendered":"EL MUEBLE MODERNO 150 A\u00d1OS DESI\u00d1O"},"content":{"rendered":"","protected":false},"excerpt":{"rendered":"<div>\n<p><span><strong>EL MUEBLE MODERNO 150 A\u00d1OS DESI\u00d1O, MOBILI\u00c1RIO MODERNO 150 ANOS DE DESIGN<\/strong><\/span><\/p>\n<\/div>\n","protected":false},"featured_media":43448,"comment_status":"open","ping_status":"closed","template":"","meta":{"_acf_changed":false},"product_brand":[],"product_cat":[14749],"product_tag":[],"class_list":{"0":"post-64340","1":"product","2":"type-product","3":"status-publish","4":"has-post-thumbnail","6":"product_cat-architecture","8":"first","9":"instock","10":"sale","11":"taxable","12":"shipping-taxable","13":"purchasable","14":"product-type-simple"},"acf":[],"_links":{"self":[{"href":"https:\/\/tecnicalivraria.com\/en\/wp-json\/wp\/v2\/product\/64340","targetHints":{"allow":["GET"]}}],"collection":[{"href":"https:\/\/tecnicalivraria.com\/en\/wp-json\/wp\/v2\/product"}],"about":[{"href":"https:\/\/tecnicalivraria.com\/en\/wp-json\/wp\/v2\/types\/product"}],"replies":[{"embeddable":true,"href":"https:\/\/tecnicalivraria.com\/en\/wp-json\/wp\/v2\/comments?post=64340"}],"wp:featuredmedia":[{"embeddable":true,"href":"https:\/\/tecnicalivraria.com\/en\/wp-json\/wp\/v2\/media\/43448"}],"wp:attachment":[{"href":"https:\/\/tecnicalivraria.com\/en\/wp-json\/wp\/v2\/media?parent=64340"}],"wp:term":[{"taxonomy":"product_brand","embeddable":true,"href":"https:\/\/tecnicalivraria.com\/en\/wp-json\/wp\/v2\/product_brand?post=64340"},{"taxonomy":"product_cat","embeddable":true,"href":"https:\/\/tecnicalivraria.com\/en\/wp-json\/wp\/v2\/product_cat?post=64340"},{"taxonomy":"product_tag","embeddable":true,"href":"https:\/\/tecnicalivraria.com\/en\/wp-json\/wp\/v2\/product_tag?post=64340"}],"curies":[{"name":"wp","href":"https:\/\/api.w.org\/{rel}","templated":true}]}}