{"id":64378,"date":"2025-05-07T17:25:11","date_gmt":"2025-05-07T17:25:11","guid":{"rendered":"https:\/\/tecnicalivraria.com\/loja\/uncategorized\/spas-centros-de-bem-estar\/"},"modified":"2025-12-04T19:48:19","modified_gmt":"2025-12-04T19:48:19","slug":"spas-centros-de-bem-estar","status":"publish","type":"product","link":"https:\/\/tecnicalivraria.com\/en\/loja\/architecture\/spas-centros-de-bem-estar\/","title":{"rendered":"SPAS &amp; CENTROS DE BEM ESTAR"},"content":{"rendered":"","protected":false},"excerpt":{"rendered":"<div>\n<p>SPAS &amp; CENTROS DE BEM ESTAR\u00a0 &#8211; <\/p>\n<p>autor: SIMONE MICHELI, <br \/>editor: GUSTAVO GILI, \u00a0 <\/p>\n<div>\n<h3>O c\u00f3digo do produto (%s) n\u00e3o est\u00e1 dispon\u00edvel.<\/h3>\n<\/div>\n<\/div>\n","protected":false},"featured_media":43448,"comment_status":"open","ping_status":"closed","template":"","meta":{"_acf_changed":false},"product_brand":[],"product_cat":[14749],"product_tag":[],"class_list":{"0":"post-64378","1":"product","2":"type-product","3":"status-publish","4":"has-post-thumbnail","6":"product_cat-architecture","8":"first","9":"instock","10":"sale","11":"taxable","12":"shipping-taxable","13":"purchasable","14":"product-type-simple"},"acf":[],"_links":{"self":[{"href":"https:\/\/tecnicalivraria.com\/en\/wp-json\/wp\/v2\/product\/64378","targetHints":{"allow":["GET"]}}],"collection":[{"href":"https:\/\/tecnicalivraria.com\/en\/wp-json\/wp\/v2\/product"}],"about":[{"href":"https:\/\/tecnicalivraria.com\/en\/wp-json\/wp\/v2\/types\/product"}],"replies":[{"embeddable":true,"href":"https:\/\/tecnicalivraria.com\/en\/wp-json\/wp\/v2\/comments?post=64378"}],"wp:featuredmedia":[{"embeddable":true,"href":"https:\/\/tecnicalivraria.com\/en\/wp-json\/wp\/v2\/media\/43448"}],"wp:attachment":[{"href":"https:\/\/tecnicalivraria.com\/en\/wp-json\/wp\/v2\/media?parent=64378"}],"wp:term":[{"taxonomy":"product_brand","embeddable":true,"href":"https:\/\/tecnicalivraria.com\/en\/wp-json\/wp\/v2\/product_brand?post=64378"},{"taxonomy":"product_cat","embeddable":true,"href":"https:\/\/tecnicalivraria.com\/en\/wp-json\/wp\/v2\/product_cat?post=64378"},{"taxonomy":"product_tag","embeddable":true,"href":"https:\/\/tecnicalivraria.com\/en\/wp-json\/wp\/v2\/product_tag?post=64378"}],"curies":[{"name":"wp","href":"https:\/\/api.w.org\/{rel}","templated":true}]}}