{"id":64424,"date":"2025-05-07T17:23:17","date_gmt":"2025-05-07T17:23:17","guid":{"rendered":"https:\/\/tecnicalivraria.com\/loja\/uncategorized\/ga-masterpieces-30-mies-van-der-rohe-the-farnsworth-house\/"},"modified":"2025-05-07T17:23:17","modified_gmt":"2025-05-07T17:23:17","slug":"ga-masterpieces-30-mies-van-der-rohe-the-farnsworth-house","status":"publish","type":"product","link":"https:\/\/tecnicalivraria.com\/en\/loja\/architecture\/ga-masterpieces-30-mies-van-der-rohe-the-farnsworth-house\/","title":{"rendered":"GA MASTERPIECES 30 MIES VAN DER ROHE &#8211; THE FARNSWORTH HOUSE"},"content":{"rendered":"","protected":false},"excerpt":{"rendered":"<div>\n<p>GA MASTERPIECES 30 MIES VAN DER ROHE &#8211; THE FARNSWORTH HOUSE\u00a0\u00a0\u00a0\u00a0\u00a0\u00a0\u00a0 (EMBORA N\u00c3O FIGURE NO SITE, TEMOS A COLEC\u00c7\u00c3O COMPLETA NA LIVRARIA)\u00a0\u00a0 <\/p>\n<p>EDITORA: GA\u00a0\u00a0\u00a0 <\/p>\n<\/div>\n","protected":false},"featured_media":35841,"comment_status":"open","ping_status":"closed","template":"","meta":{"_acf_changed":false},"product_brand":[],"product_cat":[14749],"product_tag":[],"class_list":{"0":"post-64424","1":"product","2":"type-product","3":"status-publish","4":"has-post-thumbnail","6":"product_cat-architecture","8":"first","9":"outofstock","10":"sale","11":"taxable","12":"shipping-taxable","13":"purchasable","14":"product-type-simple"},"acf":[],"_links":{"self":[{"href":"https:\/\/tecnicalivraria.com\/en\/wp-json\/wp\/v2\/product\/64424","targetHints":{"allow":["GET"]}}],"collection":[{"href":"https:\/\/tecnicalivraria.com\/en\/wp-json\/wp\/v2\/product"}],"about":[{"href":"https:\/\/tecnicalivraria.com\/en\/wp-json\/wp\/v2\/types\/product"}],"replies":[{"embeddable":true,"href":"https:\/\/tecnicalivraria.com\/en\/wp-json\/wp\/v2\/comments?post=64424"}],"wp:featuredmedia":[{"embeddable":true,"href":"https:\/\/tecnicalivraria.com\/en\/wp-json\/wp\/v2\/media\/35841"}],"wp:attachment":[{"href":"https:\/\/tecnicalivraria.com\/en\/wp-json\/wp\/v2\/media?parent=64424"}],"wp:term":[{"taxonomy":"product_brand","embeddable":true,"href":"https:\/\/tecnicalivraria.com\/en\/wp-json\/wp\/v2\/product_brand?post=64424"},{"taxonomy":"product_cat","embeddable":true,"href":"https:\/\/tecnicalivraria.com\/en\/wp-json\/wp\/v2\/product_cat?post=64424"},{"taxonomy":"product_tag","embeddable":true,"href":"https:\/\/tecnicalivraria.com\/en\/wp-json\/wp\/v2\/product_tag?post=64424"}],"curies":[{"name":"wp","href":"https:\/\/api.w.org\/{rel}","templated":true}]}}