{"id":64450,"date":"2025-05-07T17:23:05","date_gmt":"2025-05-07T17:23:05","guid":{"rendered":"https:\/\/tecnicalivraria.com\/loja\/uncategorized\/la-conservacion-del-patrimonio-espanol-durante-la-ii-republica-1931-1939\/"},"modified":"2025-12-04T19:44:47","modified_gmt":"2025-12-04T19:44:47","slug":"la-conservacion-del-patrimonio-espanol-durante-la-ii-republica-1931-1939","status":"publish","type":"product","link":"https:\/\/tecnicalivraria.com\/en\/loja\/architecture\/la-conservacion-del-patrimonio-espanol-durante-la-ii-republica-1931-1939\/","title":{"rendered":"LA CONSERVACI\u00d3N DEL PATRIMONIO ESPA\u00d1OL DURANTE LA II REP\u00daBLICA (1931-1939)"},"content":{"rendered":"","protected":false},"excerpt":{"rendered":"<div>\n<p>LA CONSERVACI\u00d3N DEL PATRIMONIO ESPA\u00d1OL DURANTE LA II REP\u00daBLICA (1931-1939), <\/p>\n<p>autor: JULI\u00c1N ESTEBAN CHAPARIA, <br \/>editor: FQ \u2013 FUNDACI\u00d3N Q, \u00a0\u00a0 <\/p>\n<div>\n<\/div>\n<\/p>\n<\/div>\n","protected":false},"featured_media":43448,"comment_status":"open","ping_status":"closed","template":"","meta":{"_acf_changed":false},"product_brand":[],"product_cat":[14749],"product_tag":[],"class_list":{"0":"post-64450","1":"product","2":"type-product","3":"status-publish","4":"has-post-thumbnail","6":"product_cat-architecture","8":"first","9":"instock","10":"sale","11":"taxable","12":"shipping-taxable","13":"purchasable","14":"product-type-simple"},"acf":[],"_links":{"self":[{"href":"https:\/\/tecnicalivraria.com\/en\/wp-json\/wp\/v2\/product\/64450","targetHints":{"allow":["GET"]}}],"collection":[{"href":"https:\/\/tecnicalivraria.com\/en\/wp-json\/wp\/v2\/product"}],"about":[{"href":"https:\/\/tecnicalivraria.com\/en\/wp-json\/wp\/v2\/types\/product"}],"replies":[{"embeddable":true,"href":"https:\/\/tecnicalivraria.com\/en\/wp-json\/wp\/v2\/comments?post=64450"}],"wp:featuredmedia":[{"embeddable":true,"href":"https:\/\/tecnicalivraria.com\/en\/wp-json\/wp\/v2\/media\/43448"}],"wp:attachment":[{"href":"https:\/\/tecnicalivraria.com\/en\/wp-json\/wp\/v2\/media?parent=64450"}],"wp:term":[{"taxonomy":"product_brand","embeddable":true,"href":"https:\/\/tecnicalivraria.com\/en\/wp-json\/wp\/v2\/product_brand?post=64450"},{"taxonomy":"product_cat","embeddable":true,"href":"https:\/\/tecnicalivraria.com\/en\/wp-json\/wp\/v2\/product_cat?post=64450"},{"taxonomy":"product_tag","embeddable":true,"href":"https:\/\/tecnicalivraria.com\/en\/wp-json\/wp\/v2\/product_tag?post=64450"}],"curies":[{"name":"wp","href":"https:\/\/api.w.org\/{rel}","templated":true}]}}