{"id":64456,"date":"2025-05-07T17:23:03","date_gmt":"2025-05-07T17:23:03","guid":{"rendered":"https:\/\/tecnicalivraria.com\/loja\/uncategorized\/anibal-gonzalez-arquitecto-50-imagenes-de-su-obra\/"},"modified":"2025-05-07T17:23:03","modified_gmt":"2025-05-07T17:23:03","slug":"anibal-gonzalez-arquitecto-50-imagenes-de-su-obra","status":"publish","type":"product","link":"https:\/\/tecnicalivraria.com\/en\/loja\/architecture\/anibal-gonzalez-arquitecto-50-imagenes-de-su-obra\/","title":{"rendered":"ANIBAL GONZ\u00c1LEZ ARQUITECTO &#8211; 50 IM\u00c1GENES DE SU OBRA"},"content":{"rendered":"","protected":false},"excerpt":{"rendered":"<div>\n<p><span><strong>AN\u00cdBAL GONZ\u00c1LEZ ARQUITECTO &#8211; 5 IM\u00c1GENES DE SU OBRA \u2013 <\/strong><em><span><\/p>\n<p>autor: AN\u00cdBAL GONZAL\u00c9Z, <br \/>editor: FIDAS\/COAS,  \u00a0 \u00a0 &#8211;<\/span><\/em><\/span><\/p>\n<\/div>\n","protected":false},"featured_media":25257,"comment_status":"open","ping_status":"closed","template":"","meta":{"_acf_changed":false},"product_brand":[],"product_cat":[14749],"product_tag":[],"class_list":{"0":"post-64456","1":"product","2":"type-product","3":"status-publish","4":"has-post-thumbnail","6":"product_cat-architecture","8":"first","9":"outofstock","10":"sale","11":"taxable","12":"shipping-taxable","13":"purchasable","14":"product-type-simple"},"acf":[],"_links":{"self":[{"href":"https:\/\/tecnicalivraria.com\/en\/wp-json\/wp\/v2\/product\/64456","targetHints":{"allow":["GET"]}}],"collection":[{"href":"https:\/\/tecnicalivraria.com\/en\/wp-json\/wp\/v2\/product"}],"about":[{"href":"https:\/\/tecnicalivraria.com\/en\/wp-json\/wp\/v2\/types\/product"}],"replies":[{"embeddable":true,"href":"https:\/\/tecnicalivraria.com\/en\/wp-json\/wp\/v2\/comments?post=64456"}],"wp:featuredmedia":[{"embeddable":true,"href":"https:\/\/tecnicalivraria.com\/en\/wp-json\/wp\/v2\/media\/25257"}],"wp:attachment":[{"href":"https:\/\/tecnicalivraria.com\/en\/wp-json\/wp\/v2\/media?parent=64456"}],"wp:term":[{"taxonomy":"product_brand","embeddable":true,"href":"https:\/\/tecnicalivraria.com\/en\/wp-json\/wp\/v2\/product_brand?post=64456"},{"taxonomy":"product_cat","embeddable":true,"href":"https:\/\/tecnicalivraria.com\/en\/wp-json\/wp\/v2\/product_cat?post=64456"},{"taxonomy":"product_tag","embeddable":true,"href":"https:\/\/tecnicalivraria.com\/en\/wp-json\/wp\/v2\/product_tag?post=64456"}],"curies":[{"name":"wp","href":"https:\/\/api.w.org\/{rel}","templated":true}]}}