{"id":64460,"date":"2025-05-07T17:23:01","date_gmt":"2025-05-07T17:23:01","guid":{"rendered":"https:\/\/tecnicalivraria.com\/loja\/uncategorized\/design-pelo-desenho-exercicios-jogos-problemas-e-simulacoes-philip-cabau\/"},"modified":"2025-12-04T19:44:46","modified_gmt":"2025-12-04T19:44:46","slug":"design-pelo-desenho-exercicios-jogos-problemas-e-simulacoes-philip-cabau","status":"publish","type":"product","link":"https:\/\/tecnicalivraria.com\/en\/loja\/theory-and-history\/design-pelo-desenho-exercicios-jogos-problemas-e-simulacoes-philip-cabau\/","title":{"rendered":"DESIGN PELO DESENHO \u2013 EXERC\u00cdCIOS, JOGOS, PROBLEMAS E SIMULA\u00c7\u00d5ES \u2013 PHILIP CABAU"},"content":{"rendered":"","protected":false},"excerpt":{"rendered":"<div>\n<p><span><span><strong><span><span>DES<\/span><\/span><\/strong><strong><span><span>IGN PEL<\/span><\/span><\/strong><strong><span><span>O DESENHO \u2013 EXERC\u00cdCIOS, JOGOS, PROBLEMAS E SIMULA\u00c7\u00d5ES \u2013 PHILIP C<span>ABAU\t<\/p>\n<p>EDITORA: FCA\u00a0 \tISBN: 9789727227242<\/span><\/span><\/span><\/strong><\/span><\/span><\/p>\n<p><span><span><strong><span><span>  \u00a0 \u00a0 \u00a0\u00a0\t\t<\/span><\/span><\/strong><\/span><\/span><\/p>\n<\/div>\n","protected":false},"featured_media":36296,"comment_status":"open","ping_status":"closed","template":"","meta":{"_acf_changed":false},"product_brand":[],"product_cat":[14760],"product_tag":[],"class_list":{"0":"post-64460","1":"product","2":"type-product","3":"status-publish","4":"has-post-thumbnail","6":"product_cat-theory-and-history","8":"first","9":"instock","10":"sale","11":"taxable","12":"shipping-taxable","13":"purchasable","14":"product-type-simple"},"acf":[],"_links":{"self":[{"href":"https:\/\/tecnicalivraria.com\/en\/wp-json\/wp\/v2\/product\/64460","targetHints":{"allow":["GET"]}}],"collection":[{"href":"https:\/\/tecnicalivraria.com\/en\/wp-json\/wp\/v2\/product"}],"about":[{"href":"https:\/\/tecnicalivraria.com\/en\/wp-json\/wp\/v2\/types\/product"}],"replies":[{"embeddable":true,"href":"https:\/\/tecnicalivraria.com\/en\/wp-json\/wp\/v2\/comments?post=64460"}],"wp:featuredmedia":[{"embeddable":true,"href":"https:\/\/tecnicalivraria.com\/en\/wp-json\/wp\/v2\/media\/36296"}],"wp:attachment":[{"href":"https:\/\/tecnicalivraria.com\/en\/wp-json\/wp\/v2\/media?parent=64460"}],"wp:term":[{"taxonomy":"product_brand","embeddable":true,"href":"https:\/\/tecnicalivraria.com\/en\/wp-json\/wp\/v2\/product_brand?post=64460"},{"taxonomy":"product_cat","embeddable":true,"href":"https:\/\/tecnicalivraria.com\/en\/wp-json\/wp\/v2\/product_cat?post=64460"},{"taxonomy":"product_tag","embeddable":true,"href":"https:\/\/tecnicalivraria.com\/en\/wp-json\/wp\/v2\/product_tag?post=64460"}],"curies":[{"name":"wp","href":"https:\/\/api.w.org\/{rel}","templated":true}]}}