{"id":64466,"date":"2025-05-07T17:22:58","date_gmt":"2025-05-07T17:22:58","guid":{"rendered":"https:\/\/tecnicalivraria.com\/loja\/uncategorized\/a-casa-arquitectura-e-projecto-domestico-na-primeira-metade-do-seculo-xx-portugues\/"},"modified":"2025-12-04T19:44:45","modified_gmt":"2025-12-04T19:44:45","slug":"a-casa-arquitectura-e-projecto-domestico-na-primeira-metade-do-seculo-xx-portugues","status":"publish","type":"product","link":"https:\/\/tecnicalivraria.com\/en\/loja\/theory-and-history\/a-casa-arquitectura-e-projecto-domestico-na-primeira-metade-do-seculo-xx-portugues\/","title":{"rendered":"A CASA \u2013 ARQUITECTURA E PROJECTO DOM\u00c9STICO NA PRIMEIRA METADE DO S\u00c9CULO XX PORTUGU\u00caS"},"content":{"rendered":"","protected":false},"excerpt":{"rendered":"<div>\n<p><span><span><span><span><span><strong><span>A CASA \u2013 ARQUITECTURA E PROJECTO DOM\u00c9STICO NA PRIMEIRA METADE DO S\u00c9CULO XX PORTUGU\u00caS \u00a0 \u00a0 \u00a0 \u00a0 \u00a0 \u00a0 \u00a0          <\/p>\n<p>AUTOR: RUI JORGE GARCIA RAMOS\u00a0\u00a0\u00a0\u00a0\u00a0\u00a0\u00a0           <br \/>EDITORA: FAUP \u00a0 \u00a0 \u00a0 \u00a0 \u00a0 \u00a0 \u00a0\u00a0          \u00a0 \u00a0 \u00a0 \u00a0 \u00a0 \u00a0 \u00a0 \u00a0       NOSSO PRE\u00c7O: 35, 30\u20ac<\/span><\/strong><\/span><\/span><\/span><\/span><\/span><span><br \/><span><span><span><span><span><strong><span><\/p>\n<div>\n<\/div>\n<p><\/span><\/strong><\/span><\/span><\/span><\/span><\/span><\/span><\/p>\n<\/div>\n","protected":false},"featured_media":32795,"comment_status":"open","ping_status":"closed","template":"","meta":{"_acf_changed":false},"product_brand":[],"product_cat":[14760],"product_tag":[],"class_list":{"0":"post-64466","1":"product","2":"type-product","3":"status-publish","4":"has-post-thumbnail","6":"product_cat-theory-and-history","8":"first","9":"instock","10":"sale","11":"taxable","12":"shipping-taxable","13":"purchasable","14":"product-type-simple"},"acf":[],"_links":{"self":[{"href":"https:\/\/tecnicalivraria.com\/en\/wp-json\/wp\/v2\/product\/64466","targetHints":{"allow":["GET"]}}],"collection":[{"href":"https:\/\/tecnicalivraria.com\/en\/wp-json\/wp\/v2\/product"}],"about":[{"href":"https:\/\/tecnicalivraria.com\/en\/wp-json\/wp\/v2\/types\/product"}],"replies":[{"embeddable":true,"href":"https:\/\/tecnicalivraria.com\/en\/wp-json\/wp\/v2\/comments?post=64466"}],"wp:featuredmedia":[{"embeddable":true,"href":"https:\/\/tecnicalivraria.com\/en\/wp-json\/wp\/v2\/media\/32795"}],"wp:attachment":[{"href":"https:\/\/tecnicalivraria.com\/en\/wp-json\/wp\/v2\/media?parent=64466"}],"wp:term":[{"taxonomy":"product_brand","embeddable":true,"href":"https:\/\/tecnicalivraria.com\/en\/wp-json\/wp\/v2\/product_brand?post=64466"},{"taxonomy":"product_cat","embeddable":true,"href":"https:\/\/tecnicalivraria.com\/en\/wp-json\/wp\/v2\/product_cat?post=64466"},{"taxonomy":"product_tag","embeddable":true,"href":"https:\/\/tecnicalivraria.com\/en\/wp-json\/wp\/v2\/product_tag?post=64466"}],"curies":[{"name":"wp","href":"https:\/\/api.w.org\/{rel}","templated":true}]}}