{"id":64467,"date":"2025-05-07T17:22:58","date_gmt":"2025-05-07T17:22:58","guid":{"rendered":"https:\/\/tecnicalivraria.com\/loja\/uncategorized\/arquitectura-musica-e-acustica-no-portugal-contemporaneo\/"},"modified":"2025-12-11T16:35:04","modified_gmt":"2025-12-11T16:35:04","slug":"arquitectura-musica-e-acustica-no-portugal-contemporaneo","status":"publish","type":"product","link":"https:\/\/tecnicalivraria.com\/en\/loja\/theory-and-history\/arquitectura-musica-e-acustica-no-portugal-contemporaneo\/","title":{"rendered":"ARQUITECTURA, M\u00daSICA E AC\u00daSTICA NO PORTUGAL CONTEMPOR\u00c2NEO"},"content":{"rendered":"","protected":false},"excerpt":{"rendered":"<div>\n<p><strong>ARQUITECTURA, M\u00daSICA E AC\u00daSTICA NO PORTUGAL CONTEMPOR\u00c2NEO<\/p>\n<p>AUTOR: MARIA DO C\u00c9U AGUIAR DA MOTA<br \/>\nEDITORA: FAUP\u00a0 \u00a0<\/strong><\/p>\n<div><\/div>\n<p>&nbsp;<\/p>\n<\/div>\n","protected":false},"featured_media":32112,"comment_status":"open","ping_status":"closed","template":"","meta":{"_acf_changed":false},"product_brand":[],"product_cat":[14760],"product_tag":[],"class_list":{"0":"post-64467","1":"product","2":"type-product","3":"status-publish","4":"has-post-thumbnail","6":"product_cat-theory-and-history","8":"first","9":"instock","10":"sale","11":"taxable","12":"shipping-taxable","13":"purchasable","14":"product-type-simple"},"acf":[],"_links":{"self":[{"href":"https:\/\/tecnicalivraria.com\/en\/wp-json\/wp\/v2\/product\/64467","targetHints":{"allow":["GET"]}}],"collection":[{"href":"https:\/\/tecnicalivraria.com\/en\/wp-json\/wp\/v2\/product"}],"about":[{"href":"https:\/\/tecnicalivraria.com\/en\/wp-json\/wp\/v2\/types\/product"}],"replies":[{"embeddable":true,"href":"https:\/\/tecnicalivraria.com\/en\/wp-json\/wp\/v2\/comments?post=64467"}],"wp:featuredmedia":[{"embeddable":true,"href":"https:\/\/tecnicalivraria.com\/en\/wp-json\/wp\/v2\/media\/32112"}],"wp:attachment":[{"href":"https:\/\/tecnicalivraria.com\/en\/wp-json\/wp\/v2\/media?parent=64467"}],"wp:term":[{"taxonomy":"product_brand","embeddable":true,"href":"https:\/\/tecnicalivraria.com\/en\/wp-json\/wp\/v2\/product_brand?post=64467"},{"taxonomy":"product_cat","embeddable":true,"href":"https:\/\/tecnicalivraria.com\/en\/wp-json\/wp\/v2\/product_cat?post=64467"},{"taxonomy":"product_tag","embeddable":true,"href":"https:\/\/tecnicalivraria.com\/en\/wp-json\/wp\/v2\/product_tag?post=64467"}],"curies":[{"name":"wp","href":"https:\/\/api.w.org\/{rel}","templated":true}]}}