{"id":64486,"date":"2025-05-07T17:21:45","date_gmt":"2025-05-07T17:21:45","guid":{"rendered":"https:\/\/tecnicalivraria.com\/loja\/uncategorized\/a-cidade-ideal\/"},"modified":"2025-12-04T19:41:18","modified_gmt":"2025-12-04T19:41:18","slug":"a-cidade-ideal","status":"publish","type":"product","link":"https:\/\/tecnicalivraria.com\/en\/loja\/theory-and-history\/a-cidade-ideal\/","title":{"rendered":"A CIDADE IDEAL"},"content":{"rendered":"","protected":false},"excerpt":{"rendered":"<div>\n<p>A CIDADE IDEAL \u2013 EVOLU\u00c7\u00c3O ARQUITECT\u00d3NICA NA EUROPA\u00a0\u00a0\u00a0\u00a0\u00a0 <\/p>\n<p>AUTOR: HELEN ROSENAU\u00a0\u00a0\u00a0\u00a0\u00a0\u00a0 <br \/>EDITORA: <br \/>EDITORIAL PRESEN\u00c7A\u00a0\u00a0\u00a0 <\/p>\n<\/div>\n","protected":false},"featured_media":43448,"comment_status":"open","ping_status":"closed","template":"","meta":{"_acf_changed":false},"product_brand":[],"product_cat":[14760],"product_tag":[],"class_list":{"0":"post-64486","1":"product","2":"type-product","3":"status-publish","4":"has-post-thumbnail","6":"product_cat-theory-and-history","8":"first","9":"instock","10":"sale","11":"taxable","12":"shipping-taxable","13":"purchasable","14":"product-type-simple"},"acf":[],"_links":{"self":[{"href":"https:\/\/tecnicalivraria.com\/en\/wp-json\/wp\/v2\/product\/64486","targetHints":{"allow":["GET"]}}],"collection":[{"href":"https:\/\/tecnicalivraria.com\/en\/wp-json\/wp\/v2\/product"}],"about":[{"href":"https:\/\/tecnicalivraria.com\/en\/wp-json\/wp\/v2\/types\/product"}],"replies":[{"embeddable":true,"href":"https:\/\/tecnicalivraria.com\/en\/wp-json\/wp\/v2\/comments?post=64486"}],"wp:featuredmedia":[{"embeddable":true,"href":"https:\/\/tecnicalivraria.com\/en\/wp-json\/wp\/v2\/media\/43448"}],"wp:attachment":[{"href":"https:\/\/tecnicalivraria.com\/en\/wp-json\/wp\/v2\/media?parent=64486"}],"wp:term":[{"taxonomy":"product_brand","embeddable":true,"href":"https:\/\/tecnicalivraria.com\/en\/wp-json\/wp\/v2\/product_brand?post=64486"},{"taxonomy":"product_cat","embeddable":true,"href":"https:\/\/tecnicalivraria.com\/en\/wp-json\/wp\/v2\/product_cat?post=64486"},{"taxonomy":"product_tag","embeddable":true,"href":"https:\/\/tecnicalivraria.com\/en\/wp-json\/wp\/v2\/product_tag?post=64486"}],"curies":[{"name":"wp","href":"https:\/\/api.w.org\/{rel}","templated":true}]}}