{"id":64517,"date":"2025-05-07T17:21:31","date_gmt":"2025-05-07T17:21:31","guid":{"rendered":"https:\/\/tecnicalivraria.com\/loja\/uncategorized\/ser-ou-nao-ser-moderno-consideracoes-sobre-a-arquitectura-modernista-portuguesa-autor-jose-fernando-goncalves\/"},"modified":"2025-12-04T19:40:25","modified_gmt":"2025-12-04T19:40:25","slug":"ser-ou-nao-ser-moderno-consideracoes-sobre-a-arquitectura-modernista-portuguesa-autor-jose-fernando-goncalves","status":"publish","type":"product","link":"https:\/\/tecnicalivraria.com\/en\/loja\/theory-and-history\/ser-ou-nao-ser-moderno-consideracoes-sobre-a-arquitectura-modernista-portuguesa-autor-jose-fernando-goncalves\/","title":{"rendered":"SER OU N\u00c3O SER MODERNO &#8211; CONSIDERA\u00c7\u00d5ES SOBRE A ARQUITECTURA MODERNISTA PORTUGUESA"},"content":{"rendered":"","protected":false},"excerpt":{"rendered":"<div>\n<p><span><span><span><span><span>SER OU N\u00c3O SER MODERNO &#8211; CONSIDERA\u00c7\u00d5ES SOBRE A ARQUITECTURA MODERNISTA PORTUGUESA      <\/p>\n<p>AUTOR: JOS\u00c9 FERNANDO GON\u00c7ALVES   <br \/>EDITORA: EDARQ ,  UNIVERSIDADE DE COIMBRA <\/span><\/span><\/span><\/span><\/span><\/p>\n<p><span><span><span><span><span> <\/span><\/span><\/span><\/span><\/span><\/p>\n<\/div>\n","protected":false},"featured_media":31562,"comment_status":"open","ping_status":"closed","template":"","meta":{"_acf_changed":false},"product_brand":[],"product_cat":[14760],"product_tag":[],"class_list":{"0":"post-64517","1":"product","2":"type-product","3":"status-publish","4":"has-post-thumbnail","6":"product_cat-theory-and-history","8":"first","9":"instock","10":"sale","11":"taxable","12":"shipping-taxable","13":"purchasable","14":"product-type-simple"},"acf":[],"_links":{"self":[{"href":"https:\/\/tecnicalivraria.com\/en\/wp-json\/wp\/v2\/product\/64517","targetHints":{"allow":["GET"]}}],"collection":[{"href":"https:\/\/tecnicalivraria.com\/en\/wp-json\/wp\/v2\/product"}],"about":[{"href":"https:\/\/tecnicalivraria.com\/en\/wp-json\/wp\/v2\/types\/product"}],"replies":[{"embeddable":true,"href":"https:\/\/tecnicalivraria.com\/en\/wp-json\/wp\/v2\/comments?post=64517"}],"wp:featuredmedia":[{"embeddable":true,"href":"https:\/\/tecnicalivraria.com\/en\/wp-json\/wp\/v2\/media\/31562"}],"wp:attachment":[{"href":"https:\/\/tecnicalivraria.com\/en\/wp-json\/wp\/v2\/media?parent=64517"}],"wp:term":[{"taxonomy":"product_brand","embeddable":true,"href":"https:\/\/tecnicalivraria.com\/en\/wp-json\/wp\/v2\/product_brand?post=64517"},{"taxonomy":"product_cat","embeddable":true,"href":"https:\/\/tecnicalivraria.com\/en\/wp-json\/wp\/v2\/product_cat?post=64517"},{"taxonomy":"product_tag","embeddable":true,"href":"https:\/\/tecnicalivraria.com\/en\/wp-json\/wp\/v2\/product_tag?post=64517"}],"curies":[{"name":"wp","href":"https:\/\/api.w.org\/{rel}","templated":true}]}}