{"id":64719,"date":"2025-05-07T17:27:36","date_gmt":"2025-05-07T17:27:36","guid":{"rendered":"https:\/\/tecnicalivraria.com\/loja\/uncategorized\/planeamento-revita-de-urbanismo-e-ordenamento-do-territorio-02\/"},"modified":"2025-12-04T21:36:02","modified_gmt":"2025-12-04T21:36:02","slug":"planeamento-revita-de-urbanismo-e-ordenamento-do-territorio-02","status":"publish","type":"product","link":"https:\/\/tecnicalivraria.com\/en\/loja\/urbanism-landscape\/planeamento-revita-de-urbanismo-e-ordenamento-do-territorio-02\/","title":{"rendered":"PLANEAMENTO REVITA DE URBANISMO E ORDENAMENTO DO TERRIT\u00d3RIO 02"},"content":{"rendered":"","protected":false},"excerpt":{"rendered":"<div>\n<p>PLANEAMENTO REVITA DE URBANISMO E ORDENAMENTO DO TERRIT\u00d3RIO 02, t\u00edtulo: PLANEAMENTO URBANO, edi\u00e7\u00e3o APPLA,  \u00a0\u00a0 <\/p>\n<div>\n<\/div>\n<\/p>\n<\/div>\n","protected":false},"featured_media":43448,"comment_status":"open","ping_status":"closed","template":"","meta":{"_acf_changed":false},"product_brand":[],"product_cat":[14761],"product_tag":[],"class_list":{"0":"post-64719","1":"product","2":"type-product","3":"status-publish","4":"has-post-thumbnail","6":"product_cat-urbanism-landscape","8":"first","9":"instock","10":"sale","11":"taxable","12":"shipping-taxable","13":"purchasable","14":"product-type-simple"},"acf":[],"_links":{"self":[{"href":"https:\/\/tecnicalivraria.com\/en\/wp-json\/wp\/v2\/product\/64719","targetHints":{"allow":["GET"]}}],"collection":[{"href":"https:\/\/tecnicalivraria.com\/en\/wp-json\/wp\/v2\/product"}],"about":[{"href":"https:\/\/tecnicalivraria.com\/en\/wp-json\/wp\/v2\/types\/product"}],"replies":[{"embeddable":true,"href":"https:\/\/tecnicalivraria.com\/en\/wp-json\/wp\/v2\/comments?post=64719"}],"wp:featuredmedia":[{"embeddable":true,"href":"https:\/\/tecnicalivraria.com\/en\/wp-json\/wp\/v2\/media\/43448"}],"wp:attachment":[{"href":"https:\/\/tecnicalivraria.com\/en\/wp-json\/wp\/v2\/media?parent=64719"}],"wp:term":[{"taxonomy":"product_brand","embeddable":true,"href":"https:\/\/tecnicalivraria.com\/en\/wp-json\/wp\/v2\/product_brand?post=64719"},{"taxonomy":"product_cat","embeddable":true,"href":"https:\/\/tecnicalivraria.com\/en\/wp-json\/wp\/v2\/product_cat?post=64719"},{"taxonomy":"product_tag","embeddable":true,"href":"https:\/\/tecnicalivraria.com\/en\/wp-json\/wp\/v2\/product_tag?post=64719"}],"curies":[{"name":"wp","href":"https:\/\/api.w.org\/{rel}","templated":true}]}}