{"id":64754,"date":"2025-05-07T17:27:21","date_gmt":"2025-05-07T17:27:21","guid":{"rendered":"https:\/\/tecnicalivraria.com\/loja\/uncategorized\/newsletter-em-video-25-26\/"},"modified":"2025-12-04T21:34:46","modified_gmt":"2025-12-04T21:34:46","slug":"newsletter-em-video-25-26","status":"publish","type":"product","link":"https:\/\/tecnicalivraria.com\/en\/loja\/architecture\/newsletter-em-video-25-26\/","title":{"rendered":"NEWSLETTER EM V\u00cdDEO 25\/26"},"content":{"rendered":"","protected":false},"excerpt":{"rendered":"<div>\n<p>NEWSLETTER EM V\u00cdDEO 25\/26 &#8211; Para visualizar, clique no link:<\/p>\n<p><a href=\"https:\/\/www.youtube.com\/watch?v=7AU_Fa2Lpxk\" target=\"_blank\">https:\/\/www.youtube.com\/watch?v=7AU_Fa2Lpxk<\/a><\/p>\n<p>&#8211; N\u00famero de exemplares limitado<\/p>\n<p>Em 2014 inici\u00e1mos um novo m\u00e9todo na comunica\u00e7\u00e3o com os nossos clientes(os     primeiros na \u00e1rea, em Portugal e no estrangeiro), inovamos  por si,     transmitindo as novidades\/destaques, com a proximidade e  honestidade     que nos caracteriza\u00a0 (veja todos os nossos v\u00eddeos no YouTube, clicando     no link na p\u00e1gina principal do site e subscreva).<br \/>Outras NOVIDADES no site\/ livraria. T\u00e9cnica Livraria, uma livraria de arquitecto para arquitectos<\/p>\n<\/div>\n","protected":false},"featured_media":28967,"comment_status":"open","ping_status":"closed","template":"","meta":{"_acf_changed":false},"product_brand":[],"product_cat":[14749],"product_tag":[],"class_list":{"0":"post-64754","1":"product","2":"type-product","3":"status-publish","4":"has-post-thumbnail","6":"product_cat-architecture","8":"first","9":"instock","10":"taxable","11":"shipping-taxable","12":"product-type-simple"},"acf":[],"_links":{"self":[{"href":"https:\/\/tecnicalivraria.com\/en\/wp-json\/wp\/v2\/product\/64754","targetHints":{"allow":["GET"]}}],"collection":[{"href":"https:\/\/tecnicalivraria.com\/en\/wp-json\/wp\/v2\/product"}],"about":[{"href":"https:\/\/tecnicalivraria.com\/en\/wp-json\/wp\/v2\/types\/product"}],"replies":[{"embeddable":true,"href":"https:\/\/tecnicalivraria.com\/en\/wp-json\/wp\/v2\/comments?post=64754"}],"wp:featuredmedia":[{"embeddable":true,"href":"https:\/\/tecnicalivraria.com\/en\/wp-json\/wp\/v2\/media\/28967"}],"wp:attachment":[{"href":"https:\/\/tecnicalivraria.com\/en\/wp-json\/wp\/v2\/media?parent=64754"}],"wp:term":[{"taxonomy":"product_brand","embeddable":true,"href":"https:\/\/tecnicalivraria.com\/en\/wp-json\/wp\/v2\/product_brand?post=64754"},{"taxonomy":"product_cat","embeddable":true,"href":"https:\/\/tecnicalivraria.com\/en\/wp-json\/wp\/v2\/product_cat?post=64754"},{"taxonomy":"product_tag","embeddable":true,"href":"https:\/\/tecnicalivraria.com\/en\/wp-json\/wp\/v2\/product_tag?post=64754"}],"curies":[{"name":"wp","href":"https:\/\/api.w.org\/{rel}","templated":true}]}}