{"id":64757,"date":"2025-05-07T17:27:20","date_gmt":"2025-05-07T17:27:20","guid":{"rendered":"https:\/\/tecnicalivraria.com\/loja\/uncategorized\/muralhas-e-fortificacoes-de-evora\/"},"modified":"2025-12-04T21:34:45","modified_gmt":"2025-12-04T21:34:45","slug":"muralhas-e-fortificacoes-de-evora","status":"publish","type":"product","link":"https:\/\/tecnicalivraria.com\/en\/loja\/theory-and-history\/muralhas-e-fortificacoes-de-evora\/","title":{"rendered":"MURALHAS E FORTIFICA\u00c7\u00d5ES DE \u00c9VORA"},"content":{"rendered":"","protected":false},"excerpt":{"rendered":"<div>\n<p><span><strong>MURALHAS E FORTIFICA\u00c7\u00d5ES DE \u00c9VORA<\/strong><\/span><span>, <\/span><span><em><\/p>\n<p>autor MIGUEL PEDROSO DE LIMA, <br \/>editor ARGUMENTUM  \u00a0\u00a0 <\/em><\/span><\/p>\n<\/div>\n","protected":false},"featured_media":43448,"comment_status":"open","ping_status":"closed","template":"","meta":{"_acf_changed":false},"product_brand":[],"product_cat":[14760],"product_tag":[],"class_list":{"0":"post-64757","1":"product","2":"type-product","3":"status-publish","4":"has-post-thumbnail","6":"product_cat-theory-and-history","8":"first","9":"instock","10":"sale","11":"taxable","12":"shipping-taxable","13":"purchasable","14":"product-type-simple"},"acf":[],"_links":{"self":[{"href":"https:\/\/tecnicalivraria.com\/en\/wp-json\/wp\/v2\/product\/64757","targetHints":{"allow":["GET"]}}],"collection":[{"href":"https:\/\/tecnicalivraria.com\/en\/wp-json\/wp\/v2\/product"}],"about":[{"href":"https:\/\/tecnicalivraria.com\/en\/wp-json\/wp\/v2\/types\/product"}],"replies":[{"embeddable":true,"href":"https:\/\/tecnicalivraria.com\/en\/wp-json\/wp\/v2\/comments?post=64757"}],"wp:featuredmedia":[{"embeddable":true,"href":"https:\/\/tecnicalivraria.com\/en\/wp-json\/wp\/v2\/media\/43448"}],"wp:attachment":[{"href":"https:\/\/tecnicalivraria.com\/en\/wp-json\/wp\/v2\/media?parent=64757"}],"wp:term":[{"taxonomy":"product_brand","embeddable":true,"href":"https:\/\/tecnicalivraria.com\/en\/wp-json\/wp\/v2\/product_brand?post=64757"},{"taxonomy":"product_cat","embeddable":true,"href":"https:\/\/tecnicalivraria.com\/en\/wp-json\/wp\/v2\/product_cat?post=64757"},{"taxonomy":"product_tag","embeddable":true,"href":"https:\/\/tecnicalivraria.com\/en\/wp-json\/wp\/v2\/product_tag?post=64757"}],"curies":[{"name":"wp","href":"https:\/\/api.w.org\/{rel}","templated":true}]}}