{"id":64775,"date":"2025-05-07T17:26:05","date_gmt":"2025-05-07T17:26:05","guid":{"rendered":"https:\/\/tecnicalivraria.com\/loja\/uncategorized\/a-obra-do-arquitecto-fernando-silva-1914-1983-um-arquitecto-da-geracao-esquecida\/"},"modified":"2025-05-07T17:26:05","modified_gmt":"2025-05-07T17:26:05","slug":"a-obra-do-arquitecto-fernando-silva-1914-1983-um-arquitecto-da-geracao-esquecida","status":"publish","type":"product","link":"https:\/\/tecnicalivraria.com\/en\/loja\/architecture\/a-obra-do-arquitecto-fernando-silva-1914-1983-um-arquitecto-da-geracao-esquecida\/","title":{"rendered":"A OBRA DO ARQUITECTO FERNANDO SILVA (1914 \u2013 1983) \u2013 UM ARQUITECTO DA GERA\u00c7\u00c3O ESQUECIDA"},"content":{"rendered":"","protected":false},"excerpt":{"rendered":"<div>\n<p>A OBRA DO ARQUITECTO FERNANDO SILVA (1914 \u2013 1983) \u2013 UM ARQUITECTO DA GERA\u00c7\u00c3O ESQUECIDA\u00a0\u00a0 <\/p>\n<p>AUTORA: ISABEL MONTEIRO\u00a0\u00a0\u00a0\u00a0  \u00a0\u00a0 (AUTOGRAFADO PELA <br \/>AUTORA \u2013 EDI\u00c7\u00c3O LIMITADA DE 50 EXEMPLARES PARA TODO O PA\u00cdS)<\/p>\n<\/div>\n","protected":false},"featured_media":43448,"comment_status":"open","ping_status":"closed","template":"","meta":{"_acf_changed":false},"product_brand":[],"product_cat":[14749],"product_tag":[],"class_list":{"0":"post-64775","1":"product","2":"type-product","3":"status-publish","4":"has-post-thumbnail","6":"product_cat-architecture","8":"first","9":"outofstock","10":"sale","11":"taxable","12":"shipping-taxable","13":"purchasable","14":"product-type-simple"},"acf":[],"_links":{"self":[{"href":"https:\/\/tecnicalivraria.com\/en\/wp-json\/wp\/v2\/product\/64775","targetHints":{"allow":["GET"]}}],"collection":[{"href":"https:\/\/tecnicalivraria.com\/en\/wp-json\/wp\/v2\/product"}],"about":[{"href":"https:\/\/tecnicalivraria.com\/en\/wp-json\/wp\/v2\/types\/product"}],"replies":[{"embeddable":true,"href":"https:\/\/tecnicalivraria.com\/en\/wp-json\/wp\/v2\/comments?post=64775"}],"wp:featuredmedia":[{"embeddable":true,"href":"https:\/\/tecnicalivraria.com\/en\/wp-json\/wp\/v2\/media\/43448"}],"wp:attachment":[{"href":"https:\/\/tecnicalivraria.com\/en\/wp-json\/wp\/v2\/media?parent=64775"}],"wp:term":[{"taxonomy":"product_brand","embeddable":true,"href":"https:\/\/tecnicalivraria.com\/en\/wp-json\/wp\/v2\/product_brand?post=64775"},{"taxonomy":"product_cat","embeddable":true,"href":"https:\/\/tecnicalivraria.com\/en\/wp-json\/wp\/v2\/product_cat?post=64775"},{"taxonomy":"product_tag","embeddable":true,"href":"https:\/\/tecnicalivraria.com\/en\/wp-json\/wp\/v2\/product_tag?post=64775"}],"curies":[{"name":"wp","href":"https:\/\/api.w.org\/{rel}","templated":true}]}}