{"id":64884,"date":"2025-05-07T17:20:57","date_gmt":"2025-05-07T17:20:57","guid":{"rendered":"https:\/\/tecnicalivraria.com\/loja\/uncategorized\/jan-van-eyck-representacao-do-espaco-real-formas-do-iluminismo\/"},"modified":"2025-12-04T19:39:17","modified_gmt":"2025-12-04T19:39:17","slug":"jan-van-eyck-representacao-do-espaco-real-formas-do-iluminismo","status":"publish","type":"product","link":"https:\/\/tecnicalivraria.com\/en\/loja\/theory-and-history\/jan-van-eyck-representacao-do-espaco-real-formas-do-iluminismo\/","title":{"rendered":"JAN VAN EYCK, REPRESENTA\u00c7\u00c3O DO ESPA\u00c7O REAL, FORMAS DO ILUMINISMO"},"content":{"rendered":"","protected":false},"excerpt":{"rendered":"<div>\n<p><img decoding=\"async\" src=\"images\/livros\/jan%20van%20eycck.jpg\" \/><\/p>\n<p><strong><span><span>JAN VAN EYCK, REPRESENTA\u00c7\u00c3O DO ESPA\u00c7O REAL, FORMAS DO ILUMINISMO <\/span><\/span><\/strong><strong> <\/strong><strong><span><span><\/p>\n<p>AUTOR: DOMINGOS TAVARES   <br \/>EDITORA: DAFNE     <\/span><\/span><\/strong><\/p>\n<\/div>\n","protected":false},"featured_media":43448,"comment_status":"open","ping_status":"closed","template":"","meta":{"_acf_changed":false},"product_brand":[],"product_cat":[14760],"product_tag":[],"class_list":{"0":"post-64884","1":"product","2":"type-product","3":"status-publish","4":"has-post-thumbnail","6":"product_cat-theory-and-history","8":"first","9":"instock","10":"sale","11":"taxable","12":"shipping-taxable","13":"purchasable","14":"product-type-simple"},"acf":[],"_links":{"self":[{"href":"https:\/\/tecnicalivraria.com\/en\/wp-json\/wp\/v2\/product\/64884","targetHints":{"allow":["GET"]}}],"collection":[{"href":"https:\/\/tecnicalivraria.com\/en\/wp-json\/wp\/v2\/product"}],"about":[{"href":"https:\/\/tecnicalivraria.com\/en\/wp-json\/wp\/v2\/types\/product"}],"replies":[{"embeddable":true,"href":"https:\/\/tecnicalivraria.com\/en\/wp-json\/wp\/v2\/comments?post=64884"}],"wp:featuredmedia":[{"embeddable":true,"href":"https:\/\/tecnicalivraria.com\/en\/wp-json\/wp\/v2\/media\/43448"}],"wp:attachment":[{"href":"https:\/\/tecnicalivraria.com\/en\/wp-json\/wp\/v2\/media?parent=64884"}],"wp:term":[{"taxonomy":"product_brand","embeddable":true,"href":"https:\/\/tecnicalivraria.com\/en\/wp-json\/wp\/v2\/product_brand?post=64884"},{"taxonomy":"product_cat","embeddable":true,"href":"https:\/\/tecnicalivraria.com\/en\/wp-json\/wp\/v2\/product_cat?post=64884"},{"taxonomy":"product_tag","embeddable":true,"href":"https:\/\/tecnicalivraria.com\/en\/wp-json\/wp\/v2\/product_tag?post=64884"}],"curies":[{"name":"wp","href":"https:\/\/api.w.org\/{rel}","templated":true}]}}