{"id":64911,"date":"2020-05-07T17:20:43","date_gmt":"2020-05-07T17:20:43","guid":{"rendered":"https:\/\/tecnicalivraria.com\/loja\/uncategorized\/joaquim-guedes\/"},"modified":"2025-12-11T18:40:31","modified_gmt":"2025-12-11T18:40:31","slug":"joaquim-guedes","status":"publish","type":"product","link":"https:\/\/tecnicalivraria.com\/en\/loja\/architecture\/joaquim-guedes\/","title":{"rendered":"JOAQUIM GUEDES"},"content":{"rendered":"","protected":false},"excerpt":{"rendered":"<div>\n<p><strong>JOAQUIM GUEDES \u2013 <\/strong><\/p>\n<p>autor: M\u00d3NICA JUNQUEIRA DE CAMARGO, editor: COSAC &amp; NAIFY EDI\u00c7\u00d5ES\u00a0 \u00a0 ISBN: 9788575030332<\/p>\n<p>DHL INTERNATIONAL AIRMAIL: 3 TO 6 DAYS<br \/>\nENVIOS NACIONAIS DHL DOM\u00c9STICO: 2 A 3 DIAS<\/p>\n<p>&nbsp;<\/p>\n<\/div>\n","protected":false},"featured_media":32281,"comment_status":"open","ping_status":"closed","template":"","meta":{"_acf_changed":false},"product_brand":[],"product_cat":[14749],"product_tag":[14751],"class_list":{"0":"post-64911","1":"product","2":"type-product","3":"status-publish","4":"has-post-thumbnail","6":"product_cat-architecture","7":"product_tag-consulta-sem-preco-todos","9":"first","10":"instock","11":"sale","12":"taxable","13":"shipping-taxable","14":"product-type-simple"},"acf":[],"_links":{"self":[{"href":"https:\/\/tecnicalivraria.com\/en\/wp-json\/wp\/v2\/product\/64911","targetHints":{"allow":["GET"]}}],"collection":[{"href":"https:\/\/tecnicalivraria.com\/en\/wp-json\/wp\/v2\/product"}],"about":[{"href":"https:\/\/tecnicalivraria.com\/en\/wp-json\/wp\/v2\/types\/product"}],"replies":[{"embeddable":true,"href":"https:\/\/tecnicalivraria.com\/en\/wp-json\/wp\/v2\/comments?post=64911"}],"wp:featuredmedia":[{"embeddable":true,"href":"https:\/\/tecnicalivraria.com\/en\/wp-json\/wp\/v2\/media\/32281"}],"wp:attachment":[{"href":"https:\/\/tecnicalivraria.com\/en\/wp-json\/wp\/v2\/media?parent=64911"}],"wp:term":[{"taxonomy":"product_brand","embeddable":true,"href":"https:\/\/tecnicalivraria.com\/en\/wp-json\/wp\/v2\/product_brand?post=64911"},{"taxonomy":"product_cat","embeddable":true,"href":"https:\/\/tecnicalivraria.com\/en\/wp-json\/wp\/v2\/product_cat?post=64911"},{"taxonomy":"product_tag","embeddable":true,"href":"https:\/\/tecnicalivraria.com\/en\/wp-json\/wp\/v2\/product_tag?post=64911"}],"curies":[{"name":"wp","href":"https:\/\/api.w.org\/{rel}","templated":true}]}}