{"id":64940,"date":"2025-05-07T17:17:48","date_gmt":"2025-05-07T17:17:48","guid":{"rendered":"https:\/\/tecnicalivraria.com\/loja\/uncategorized\/tecnicas-de-construcao-com-terra\/"},"modified":"2025-12-30T14:37:20","modified_gmt":"2025-12-30T14:37:20","slug":"tecnicas-de-construcao-com-terra","status":"publish","type":"product","link":"https:\/\/tecnicalivraria.com\/en\/loja\/architecture\/tecnicas-de-construcao-com-terra\/","title":{"rendered":"T\u00c9CNICAS DE CONSTRU\u00c7\u00c3O COM TERRA"},"content":{"rendered":"","protected":false},"excerpt":{"rendered":"<div>\n<p>T\u00c9CNICAS DE CONSTRU\u00c7\u00c3O COM TERRA &#8211; UMA INTRODU\u00c7\u00c3O<\/p>\n<p>AUTOR: MIGUEL ROCHA<br \/>\nEDITORA: ARGUMENTUM<\/p>\n<\/div>\n","protected":false},"featured_media":32266,"comment_status":"open","ping_status":"closed","template":"","meta":{"_acf_changed":false},"product_brand":[],"product_cat":[14749],"product_tag":[],"class_list":{"0":"post-64940","1":"product","2":"type-product","3":"status-publish","4":"has-post-thumbnail","6":"product_cat-architecture","8":"first","9":"outofstock","10":"sale","11":"taxable","12":"shipping-taxable","13":"purchasable","14":"product-type-simple"},"acf":[],"_links":{"self":[{"href":"https:\/\/tecnicalivraria.com\/en\/wp-json\/wp\/v2\/product\/64940","targetHints":{"allow":["GET"]}}],"collection":[{"href":"https:\/\/tecnicalivraria.com\/en\/wp-json\/wp\/v2\/product"}],"about":[{"href":"https:\/\/tecnicalivraria.com\/en\/wp-json\/wp\/v2\/types\/product"}],"replies":[{"embeddable":true,"href":"https:\/\/tecnicalivraria.com\/en\/wp-json\/wp\/v2\/comments?post=64940"}],"wp:featuredmedia":[{"embeddable":true,"href":"https:\/\/tecnicalivraria.com\/en\/wp-json\/wp\/v2\/media\/32266"}],"wp:attachment":[{"href":"https:\/\/tecnicalivraria.com\/en\/wp-json\/wp\/v2\/media?parent=64940"}],"wp:term":[{"taxonomy":"product_brand","embeddable":true,"href":"https:\/\/tecnicalivraria.com\/en\/wp-json\/wp\/v2\/product_brand?post=64940"},{"taxonomy":"product_cat","embeddable":true,"href":"https:\/\/tecnicalivraria.com\/en\/wp-json\/wp\/v2\/product_cat?post=64940"},{"taxonomy":"product_tag","embeddable":true,"href":"https:\/\/tecnicalivraria.com\/en\/wp-json\/wp\/v2\/product_tag?post=64940"}],"curies":[{"name":"wp","href":"https:\/\/api.w.org\/{rel}","templated":true}]}}