{"id":64953,"date":"2025-05-07T17:17:41","date_gmt":"2025-05-07T17:17:41","guid":{"rendered":"https:\/\/tecnicalivraria.com\/loja\/uncategorized\/os-elementos-urbanos\/"},"modified":"2025-05-07T17:17:41","modified_gmt":"2025-05-07T17:17:41","slug":"os-elementos-urbanos","status":"publish","type":"product","link":"https:\/\/tecnicalivraria.com\/en\/loja\/urbanism-landscape\/os-elementos-urbanos\/","title":{"rendered":"OS ELEMENTOS URBANOS"},"content":{"rendered":"","protected":false},"excerpt":{"rendered":"<div>\n<p><span><span><span><span><span><strong><span>OS ELEMENTOS URBANOS \u2013 CADERNOS MORFOLOGIA URBANA     <\/p>\n<p>AUTOR: CARLOS DIAS COELHO, JO\u00c3O PEDRO COSTA, JO\u00c3O SILVA LEITE, LU\u00cdSA TRINDADE, S\u00c9RGIO BARREIROS PROEN\u00c7A, PAULO PEREIRA, JOS\u00c9 MIGUEL SILVA, S\u00c9RGIO PADR\u00c3O FERNANDES E XAVIER MONTEYS     <br \/>EDITORA: <span>ARGUMENTUM    PRE\u00c7O: 15\u20ac<\/span><\/span><\/strong><\/span><\/span><\/span><\/span><span><br \/><span><span><span><span><span><strong><span><\/p>\n<div>\n<\/div>\n<p><\/span><\/strong><\/span><\/span><\/span><\/span><\/span><\/span><\/span><\/p>\n<\/div>\n","protected":false},"featured_media":25542,"comment_status":"open","ping_status":"closed","template":"","meta":{"_acf_changed":false},"product_brand":[],"product_cat":[14761],"product_tag":[],"class_list":{"0":"post-64953","1":"product","2":"type-product","3":"status-publish","4":"has-post-thumbnail","6":"product_cat-urbanism-landscape","8":"first","9":"outofstock","10":"sale","11":"taxable","12":"shipping-taxable","13":"purchasable","14":"product-type-simple"},"acf":[],"_links":{"self":[{"href":"https:\/\/tecnicalivraria.com\/en\/wp-json\/wp\/v2\/product\/64953","targetHints":{"allow":["GET"]}}],"collection":[{"href":"https:\/\/tecnicalivraria.com\/en\/wp-json\/wp\/v2\/product"}],"about":[{"href":"https:\/\/tecnicalivraria.com\/en\/wp-json\/wp\/v2\/types\/product"}],"replies":[{"embeddable":true,"href":"https:\/\/tecnicalivraria.com\/en\/wp-json\/wp\/v2\/comments?post=64953"}],"wp:featuredmedia":[{"embeddable":true,"href":"https:\/\/tecnicalivraria.com\/en\/wp-json\/wp\/v2\/media\/25542"}],"wp:attachment":[{"href":"https:\/\/tecnicalivraria.com\/en\/wp-json\/wp\/v2\/media?parent=64953"}],"wp:term":[{"taxonomy":"product_brand","embeddable":true,"href":"https:\/\/tecnicalivraria.com\/en\/wp-json\/wp\/v2\/product_brand?post=64953"},{"taxonomy":"product_cat","embeddable":true,"href":"https:\/\/tecnicalivraria.com\/en\/wp-json\/wp\/v2\/product_cat?post=64953"},{"taxonomy":"product_tag","embeddable":true,"href":"https:\/\/tecnicalivraria.com\/en\/wp-json\/wp\/v2\/product_tag?post=64953"}],"curies":[{"name":"wp","href":"https:\/\/api.w.org\/{rel}","templated":true}]}}