{"id":64958,"date":"2025-05-07T17:17:39","date_gmt":"2025-05-07T17:17:39","guid":{"rendered":"https:\/\/tecnicalivraria.com\/loja\/uncategorized\/iglu-arquitectura-vernacula-contemporanea\/"},"modified":"2025-12-04T19:23:56","modified_gmt":"2025-12-04T19:23:56","slug":"iglu-arquitectura-vernacula-contemporanea","status":"publish","type":"product","link":"https:\/\/tecnicalivraria.com\/en\/loja\/architecture\/iglu-arquitectura-vernacula-contemporanea\/","title":{"rendered":"IGLU ARQUITECTURA VERN\u00c1CULA CONTEMPOR\u00c2NEA"},"content":{"rendered":"","protected":false},"excerpt":{"rendered":"<div>\n<p><span>IGLU: DA  ARQUITECTURA VERN\u00c1CULA \u00c0 CONTEMPOR\u00c2NEA \u00a0 \u00a0 \u00a0 \u00a0 \u00a0 <\/p>\n<p>autores: ALEJANDRO  BAHAM\u00d3N, ANA CA\u00d1IZARES,\u00a0\u00a0\u00a0\u00a0\u00a0\u00a0\u00a0\u00a0 <br \/>editor: ARGUMENTUM, \u00a0 \u00a0 \u00a0 \u00a0  \u00a0 \u00a0 \u00a0 \u00a0 \u00a0  <\/span><\/p>\n<\/div>\n","protected":false},"featured_media":23549,"comment_status":"open","ping_status":"closed","template":"","meta":{"_acf_changed":false},"product_brand":[],"product_cat":[14749],"product_tag":[],"class_list":{"0":"post-64958","1":"product","2":"type-product","3":"status-publish","4":"has-post-thumbnail","6":"product_cat-architecture","8":"first","9":"instock","10":"sale","11":"taxable","12":"shipping-taxable","13":"purchasable","14":"product-type-simple"},"acf":[],"_links":{"self":[{"href":"https:\/\/tecnicalivraria.com\/en\/wp-json\/wp\/v2\/product\/64958","targetHints":{"allow":["GET"]}}],"collection":[{"href":"https:\/\/tecnicalivraria.com\/en\/wp-json\/wp\/v2\/product"}],"about":[{"href":"https:\/\/tecnicalivraria.com\/en\/wp-json\/wp\/v2\/types\/product"}],"replies":[{"embeddable":true,"href":"https:\/\/tecnicalivraria.com\/en\/wp-json\/wp\/v2\/comments?post=64958"}],"wp:featuredmedia":[{"embeddable":true,"href":"https:\/\/tecnicalivraria.com\/en\/wp-json\/wp\/v2\/media\/23549"}],"wp:attachment":[{"href":"https:\/\/tecnicalivraria.com\/en\/wp-json\/wp\/v2\/media?parent=64958"}],"wp:term":[{"taxonomy":"product_brand","embeddable":true,"href":"https:\/\/tecnicalivraria.com\/en\/wp-json\/wp\/v2\/product_brand?post=64958"},{"taxonomy":"product_cat","embeddable":true,"href":"https:\/\/tecnicalivraria.com\/en\/wp-json\/wp\/v2\/product_cat?post=64958"},{"taxonomy":"product_tag","embeddable":true,"href":"https:\/\/tecnicalivraria.com\/en\/wp-json\/wp\/v2\/product_tag?post=64958"}],"curies":[{"name":"wp","href":"https:\/\/api.w.org\/{rel}","templated":true}]}}