{"id":64985,"date":"2025-01-07T17:33:16","date_gmt":"2025-01-07T17:33:16","guid":{"rendered":"https:\/\/tecnicalivraria.com\/loja\/uncategorized\/arquitectura-bioclimatica-do-espaco-publico\/"},"modified":"2025-12-04T21:46:43","modified_gmt":"2025-12-04T21:46:43","slug":"arquitectura-bioclimatica-do-espaco-publico","status":"publish","type":"product","link":"https:\/\/tecnicalivraria.com\/en\/loja\/urbanism-landscape\/arquitectura-bioclimatica-do-espaco-publico\/","title":{"rendered":"ARQUITECTURA BIOCLIM\u00c1TICA DO ESPA\u00c7O P\u00daBLICO"},"content":{"rendered":"","protected":false},"excerpt":{"rendered":"<div>\n<p>ARQUITECTURA BIOCLIM\u00c1TICA DO ESPA\u00c7O P\u00daBLICO,<\/p>\n<p>autor: MARTA ADRIANA BUSTOS ROMERO,<br \/>\neditor: UNIVERSIDADE DE BRAS\u00cdLIA<\/p>\n<div><\/div>\n<\/div>\n","protected":false},"featured_media":32182,"comment_status":"open","ping_status":"closed","template":"","meta":{"_acf_changed":false},"product_brand":[],"product_cat":[14761],"product_tag":[],"class_list":{"0":"post-64985","1":"product","2":"type-product","3":"status-publish","4":"has-post-thumbnail","6":"product_cat-urbanism-landscape","8":"first","9":"instock","10":"sale","11":"taxable","12":"shipping-taxable","13":"purchasable","14":"product-type-simple"},"acf":[],"_links":{"self":[{"href":"https:\/\/tecnicalivraria.com\/en\/wp-json\/wp\/v2\/product\/64985","targetHints":{"allow":["GET"]}}],"collection":[{"href":"https:\/\/tecnicalivraria.com\/en\/wp-json\/wp\/v2\/product"}],"about":[{"href":"https:\/\/tecnicalivraria.com\/en\/wp-json\/wp\/v2\/types\/product"}],"replies":[{"embeddable":true,"href":"https:\/\/tecnicalivraria.com\/en\/wp-json\/wp\/v2\/comments?post=64985"}],"wp:featuredmedia":[{"embeddable":true,"href":"https:\/\/tecnicalivraria.com\/en\/wp-json\/wp\/v2\/media\/32182"}],"wp:attachment":[{"href":"https:\/\/tecnicalivraria.com\/en\/wp-json\/wp\/v2\/media?parent=64985"}],"wp:term":[{"taxonomy":"product_brand","embeddable":true,"href":"https:\/\/tecnicalivraria.com\/en\/wp-json\/wp\/v2\/product_brand?post=64985"},{"taxonomy":"product_cat","embeddable":true,"href":"https:\/\/tecnicalivraria.com\/en\/wp-json\/wp\/v2\/product_cat?post=64985"},{"taxonomy":"product_tag","embeddable":true,"href":"https:\/\/tecnicalivraria.com\/en\/wp-json\/wp\/v2\/product_tag?post=64985"}],"curies":[{"name":"wp","href":"https:\/\/api.w.org\/{rel}","templated":true}]}}