{"id":64987,"date":"2025-01-07T17:33:15","date_gmt":"2025-01-07T17:33:15","guid":{"rendered":"https:\/\/tecnicalivraria.com\/loja\/uncategorized\/estudio-caracterizacion-y-restauracion-de-materiales-ceramicos\/"},"modified":"2025-12-04T21:46:42","modified_gmt":"2025-12-04T21:46:42","slug":"estudio-caracterizacion-y-restauracion-de-materiales-ceramicos","status":"publish","type":"product","link":"https:\/\/tecnicalivraria.com\/en\/loja\/architecture\/estudio-caracterizacion-y-restauracion-de-materiales-ceramicos\/","title":{"rendered":"ESTUDIO, CARACTERIZACI\u00d3N Y RESTAURACI\u00d3N DE MATERIALES CER\u00c1MICOS"},"content":{"rendered":"","protected":false},"excerpt":{"rendered":"<div>\n<p><span><strong>ESTUDIO, CARACTERIZACI\u00d3N Y RESTAURACI\u00d3N DE MATERIALES CER\u00c1MICOS, <\/strong><em><span><\/p>\n<p>autor: VICENTE FLORES AL\u00c9S, <br \/>editor: UNIVERSIDAD DE SEVILLA, \u00a0\u00a0 <\/span><\/em><\/span><\/p>\n<\/div>\n","protected":false},"featured_media":43448,"comment_status":"open","ping_status":"closed","template":"","meta":{"_acf_changed":false},"product_brand":[],"product_cat":[14749],"product_tag":[],"class_list":{"0":"post-64987","1":"product","2":"type-product","3":"status-publish","4":"has-post-thumbnail","6":"product_cat-architecture","8":"first","9":"instock","10":"sale","11":"taxable","12":"shipping-taxable","13":"purchasable","14":"product-type-simple"},"acf":[],"_links":{"self":[{"href":"https:\/\/tecnicalivraria.com\/en\/wp-json\/wp\/v2\/product\/64987","targetHints":{"allow":["GET"]}}],"collection":[{"href":"https:\/\/tecnicalivraria.com\/en\/wp-json\/wp\/v2\/product"}],"about":[{"href":"https:\/\/tecnicalivraria.com\/en\/wp-json\/wp\/v2\/types\/product"}],"replies":[{"embeddable":true,"href":"https:\/\/tecnicalivraria.com\/en\/wp-json\/wp\/v2\/comments?post=64987"}],"wp:featuredmedia":[{"embeddable":true,"href":"https:\/\/tecnicalivraria.com\/en\/wp-json\/wp\/v2\/media\/43448"}],"wp:attachment":[{"href":"https:\/\/tecnicalivraria.com\/en\/wp-json\/wp\/v2\/media?parent=64987"}],"wp:term":[{"taxonomy":"product_brand","embeddable":true,"href":"https:\/\/tecnicalivraria.com\/en\/wp-json\/wp\/v2\/product_brand?post=64987"},{"taxonomy":"product_cat","embeddable":true,"href":"https:\/\/tecnicalivraria.com\/en\/wp-json\/wp\/v2\/product_cat?post=64987"},{"taxonomy":"product_tag","embeddable":true,"href":"https:\/\/tecnicalivraria.com\/en\/wp-json\/wp\/v2\/product_tag?post=64987"}],"curies":[{"name":"wp","href":"https:\/\/api.w.org\/{rel}","templated":true}]}}