{"id":64998,"date":"2025-01-07T17:31:14","date_gmt":"2025-01-07T17:31:14","guid":{"rendered":"https:\/\/tecnicalivraria.com\/loja\/uncategorized\/rematerial-del-desecho-a-la-arquitectura\/"},"modified":"2025-01-07T17:31:14","modified_gmt":"2025-01-07T17:31:14","slug":"rematerial-del-desecho-a-la-arquitectura","status":"publish","type":"product","link":"https:\/\/tecnicalivraria.com\/en\/loja\/architecture\/rematerial-del-desecho-a-la-arquitectura\/","title":{"rendered":"REMATERIAL DEL DESECHO A LA ARQUITECTURA"},"content":{"rendered":"","protected":false},"excerpt":{"rendered":"<div>\n<p><span><span><span><span><span><strong><span>REMATERIAL DEL DESECHO A LA  ARQUITECTURA\u00a0\u00a0\u00a0\u00a0\u00a0\u00a0\u00a0\u00a0\u00a0\u00a0\u00a0\u00a0\u00a0               <\/p>\n<p>AUTOR: ALEJANDRO BAHAM\u00d3N, MAR\u00cdA CAMILA SANJIN\u00c9S \u00a0 \u00a0 \u00a0 \u00a0\u00a0                    <br \/>EDITORA: PARRAM\u00d3N ARQUITECTURA Y DISEN\u00d5\u00a0\u00a0\u00a0\u00a0\u00a0\u00a0\u00a0\u00a0\u00a0\u00a0\u00a0\u00a0                   \u00a0 \u00a0 \u00a0 \u00a0 \u00a0 \u00a0\u00a0                <\/span><\/strong><\/span><\/span><\/span><\/span><\/span><span><br \/><span><span><span><span><span><strong><span><\/p>\n<div>\n<\/div>\n<p><\/span><\/strong><\/span><\/span><\/span><\/span><\/span><\/span><\/p>\n<\/div>\n","protected":false},"featured_media":23585,"comment_status":"open","ping_status":"closed","template":"","meta":{"_acf_changed":false},"product_brand":[],"product_cat":[14749],"product_tag":[],"class_list":{"0":"post-64998","1":"product","2":"type-product","3":"status-publish","4":"has-post-thumbnail","6":"product_cat-architecture","8":"first","9":"outofstock","10":"sale","11":"taxable","12":"shipping-taxable","13":"purchasable","14":"product-type-simple"},"acf":[],"_links":{"self":[{"href":"https:\/\/tecnicalivraria.com\/en\/wp-json\/wp\/v2\/product\/64998","targetHints":{"allow":["GET"]}}],"collection":[{"href":"https:\/\/tecnicalivraria.com\/en\/wp-json\/wp\/v2\/product"}],"about":[{"href":"https:\/\/tecnicalivraria.com\/en\/wp-json\/wp\/v2\/types\/product"}],"replies":[{"embeddable":true,"href":"https:\/\/tecnicalivraria.com\/en\/wp-json\/wp\/v2\/comments?post=64998"}],"wp:featuredmedia":[{"embeddable":true,"href":"https:\/\/tecnicalivraria.com\/en\/wp-json\/wp\/v2\/media\/23585"}],"wp:attachment":[{"href":"https:\/\/tecnicalivraria.com\/en\/wp-json\/wp\/v2\/media?parent=64998"}],"wp:term":[{"taxonomy":"product_brand","embeddable":true,"href":"https:\/\/tecnicalivraria.com\/en\/wp-json\/wp\/v2\/product_brand?post=64998"},{"taxonomy":"product_cat","embeddable":true,"href":"https:\/\/tecnicalivraria.com\/en\/wp-json\/wp\/v2\/product_cat?post=64998"},{"taxonomy":"product_tag","embeddable":true,"href":"https:\/\/tecnicalivraria.com\/en\/wp-json\/wp\/v2\/product_tag?post=64998"}],"curies":[{"name":"wp","href":"https:\/\/api.w.org\/{rel}","templated":true}]}}