{"id":65053,"date":"2025-05-07T17:22:20","date_gmt":"2025-05-07T17:22:20","guid":{"rendered":"https:\/\/tecnicalivraria.com\/loja\/uncategorized\/el-croquis-213-taller-hector-barroso-2015-2022\/"},"modified":"2026-03-30T16:28:58","modified_gmt":"2026-03-30T16:28:58","slug":"el-croquis-213-taller-hector-barroso-2015-2022","status":"publish","type":"product","link":"https:\/\/tecnicalivraria.com\/en\/loja\/architecture\/el-croquis-213-taller-hector-barroso-2015-2022\/","title":{"rendered":"El Croquis 213: Taller H\u00e9ctor Barroso (2015\u20132022)"},"content":{"rendered":"","protected":false},"excerpt":{"rendered":"<div>\n<p><span>El Croquis 213: Taller H\u00e9ctor Barroso (2015\u20132022)\u00a0\u00a0\u00a0\u00a0\u00a0\u00a0\u00a0 <\/p>\n<p>EDITORA: EL CROQUIS\u00a0\u00a0\u00a0\u00a0\u00a0\u00a0 <br \/>AUTOR: V\u00c1RIOS\u00a0\u00a0\u00a0\u00a0\u00a0\u00a0 \u00a0\u00a0\u00a0 \u00a0 &#8212;&#8212;&#8212;&#8212;&#8212;&#8212;&#8212;&#8212;&#8212;&#8212;&#8212;&#8212;ATEN\u00c7\u00c3O, NOTA 1: LIVRARIA ABERTA APENAS AOS S\u00c1BADOS, DAS 11H-15H. SITUA\u00c7\u00c3O QUE FIGURAR\u00c1 POR TEMPO INDETERMINADO, TENDO EM CONTA A FORTE ACuMULA\u00c7\u00c3O DE TRABALHO EM OUTRAS \u00c1REAS. MUITO GRATOS PELA SUA COMPREENS\u00c3O, TENTAREMOS SER O MAIS R\u00c1PIDOS QUE NOS FOR POSS\u00cdVEL. <\/span><\/p>\n<p><span>NOTA 2: NO NOSSO SITE APENAS FIGURAM 40% DOS LIVROS EXISTENTES EM LOJA.<br \/><\/span><\/p>\n<\/div>\n","protected":false},"featured_media":28959,"comment_status":"open","ping_status":"closed","template":"","meta":{"_acf_changed":false},"product_brand":[],"product_cat":[14749],"product_tag":[],"class_list":{"0":"post-65053","1":"product","2":"type-product","3":"status-publish","4":"has-post-thumbnail","6":"product_cat-architecture","8":"first","9":"outofstock","10":"sale","11":"taxable","12":"shipping-taxable","13":"purchasable","14":"product-type-simple"},"acf":[],"_links":{"self":[{"href":"https:\/\/tecnicalivraria.com\/en\/wp-json\/wp\/v2\/product\/65053","targetHints":{"allow":["GET"]}}],"collection":[{"href":"https:\/\/tecnicalivraria.com\/en\/wp-json\/wp\/v2\/product"}],"about":[{"href":"https:\/\/tecnicalivraria.com\/en\/wp-json\/wp\/v2\/types\/product"}],"replies":[{"embeddable":true,"href":"https:\/\/tecnicalivraria.com\/en\/wp-json\/wp\/v2\/comments?post=65053"}],"wp:featuredmedia":[{"embeddable":true,"href":"https:\/\/tecnicalivraria.com\/en\/wp-json\/wp\/v2\/media\/28959"}],"wp:attachment":[{"href":"https:\/\/tecnicalivraria.com\/en\/wp-json\/wp\/v2\/media?parent=65053"}],"wp:term":[{"taxonomy":"product_brand","embeddable":true,"href":"https:\/\/tecnicalivraria.com\/en\/wp-json\/wp\/v2\/product_brand?post=65053"},{"taxonomy":"product_cat","embeddable":true,"href":"https:\/\/tecnicalivraria.com\/en\/wp-json\/wp\/v2\/product_cat?post=65053"},{"taxonomy":"product_tag","embeddable":true,"href":"https:\/\/tecnicalivraria.com\/en\/wp-json\/wp\/v2\/product_tag?post=65053"}],"curies":[{"name":"wp","href":"https:\/\/api.w.org\/{rel}","templated":true}]}}