{"id":65122,"date":"2025-05-07T17:16:19","date_gmt":"2025-05-07T17:16:19","guid":{"rendered":"https:\/\/tecnicalivraria.com\/loja\/uncategorized\/materia-y-forma-ii\/"},"modified":"2025-12-04T19:23:16","modified_gmt":"2025-12-04T19:23:16","slug":"materia-y-forma-ii","status":"publish","type":"product","link":"https:\/\/tecnicalivraria.com\/en\/loja\/architecture\/materia-y-forma-ii\/","title":{"rendered":"MATERIA Y FORMA II"},"content":{"rendered":"","protected":false},"excerpt":{"rendered":"<div>\n<p><span><strong>MATERIA Y FORMA II<\/strong><span> \u2013 arquitectos: F\u00c1TIMA FERNANDES, MICHELE CANNAT\u00c0, JO\u00c3O LU\u00cdS CARRILHO DA GRA\u00c7A, JUSTO GARC\u00cdA RUBIO, RAM\u00d3N GONZ\u00c1LEZ DE LA PE\u00d1A, ROBERTO ERCILLA, MIGUEL ANGEL CAMPO, TOD WILLIAMS, BILLIE TSIEN, ROBERTO SANTATECLA FAYOS, JOSE SANTATECLA FAYOS, <\/p>\n<p>editor: BIBLIOTECTA TC,  \u00a0\u00a0  <\/span><\/span><\/p>\n<\/div>\n","protected":false},"featured_media":36935,"comment_status":"open","ping_status":"closed","template":"","meta":{"_acf_changed":false},"product_brand":[],"product_cat":[14749],"product_tag":[],"class_list":{"0":"post-65122","1":"product","2":"type-product","3":"status-publish","4":"has-post-thumbnail","6":"product_cat-architecture","8":"first","9":"instock","10":"sale","11":"taxable","12":"shipping-taxable","13":"purchasable","14":"product-type-simple"},"acf":[],"_links":{"self":[{"href":"https:\/\/tecnicalivraria.com\/en\/wp-json\/wp\/v2\/product\/65122","targetHints":{"allow":["GET"]}}],"collection":[{"href":"https:\/\/tecnicalivraria.com\/en\/wp-json\/wp\/v2\/product"}],"about":[{"href":"https:\/\/tecnicalivraria.com\/en\/wp-json\/wp\/v2\/types\/product"}],"replies":[{"embeddable":true,"href":"https:\/\/tecnicalivraria.com\/en\/wp-json\/wp\/v2\/comments?post=65122"}],"wp:featuredmedia":[{"embeddable":true,"href":"https:\/\/tecnicalivraria.com\/en\/wp-json\/wp\/v2\/media\/36935"}],"wp:attachment":[{"href":"https:\/\/tecnicalivraria.com\/en\/wp-json\/wp\/v2\/media?parent=65122"}],"wp:term":[{"taxonomy":"product_brand","embeddable":true,"href":"https:\/\/tecnicalivraria.com\/en\/wp-json\/wp\/v2\/product_brand?post=65122"},{"taxonomy":"product_cat","embeddable":true,"href":"https:\/\/tecnicalivraria.com\/en\/wp-json\/wp\/v2\/product_cat?post=65122"},{"taxonomy":"product_tag","embeddable":true,"href":"https:\/\/tecnicalivraria.com\/en\/wp-json\/wp\/v2\/product_tag?post=65122"}],"curies":[{"name":"wp","href":"https:\/\/api.w.org\/{rel}","templated":true}]}}