{"id":65128,"date":"2025-05-07T17:16:08","date_gmt":"2025-05-07T17:16:08","guid":{"rendered":"https:\/\/tecnicalivraria.com\/loja\/uncategorized\/territorios-reabilitados\/"},"modified":"2025-12-04T19:23:15","modified_gmt":"2025-12-04T19:23:15","slug":"territorios-reabilitados","status":"publish","type":"product","link":"https:\/\/tecnicalivraria.com\/en\/loja\/architecture\/territorios-reabilitados\/","title":{"rendered":"TERRIT\u00d3RIOS REABILITADOS"},"content":{"rendered":"","protected":false},"excerpt":{"rendered":"<div>\n<p>TERRIT\u00d3RIOS REABILITADOS, <\/p>\n<p>autores: F\u00c1TIMA FERNANDEZ E MICHELE CANNAT\u00c1, arquitectos: ATELIER AINDA ARQUITECTOS, AIRES MATEUS, \u00c1LVARO SIZA, ANT\u00d3NIO BARBOSA, ANT\u00d3NIO PORTUGAL E MANUEL MARIA REIS, ARX PORTUGAL, ATELIER 15, BARBOSA &amp; GUIMAR\u00c3ES, CANNAT\u00c1 &amp; FERNANDES, EDUARDO SOUTO DE MOURA, GON\u00c7ALO BYRNE E J. P. FALC\u00c3O DE CAMPOS, JO\u00c3O \u00c1LVARO ROCHA, JO\u00c3O CARLOS SANTOS, JO\u00c3O CARREIRA, JO\u00c3O CARRILHO DA GRA\u00c7A, JOS\u00c9 GIGANTE, LUIS RODRIGUES, MENOS \u00c9 MAIS, MVCC \u2013 MERC\u00caS VIEIRA E CAMILO CORTES\u00c3O, PROMONT\u00d3RIO ARQUITECTOS, RICARDO BAK GORDON, RICARDO MOURA PAIS, VICTOR MESTRE E SOFIA ALEIXO, <br \/>editora: CALEIDOSC\u00d3PIO, \u00a0\u00a0 <\/p>\n<div>\n<\/div>\n<\/p>\n<\/div>\n","protected":false},"featured_media":43448,"comment_status":"open","ping_status":"closed","template":"","meta":{"_acf_changed":false},"product_brand":[],"product_cat":[14749],"product_tag":[],"class_list":{"0":"post-65128","1":"product","2":"type-product","3":"status-publish","4":"has-post-thumbnail","6":"product_cat-architecture","8":"first","9":"instock","10":"sale","11":"taxable","12":"shipping-taxable","13":"purchasable","14":"product-type-simple"},"acf":[],"_links":{"self":[{"href":"https:\/\/tecnicalivraria.com\/en\/wp-json\/wp\/v2\/product\/65128","targetHints":{"allow":["GET"]}}],"collection":[{"href":"https:\/\/tecnicalivraria.com\/en\/wp-json\/wp\/v2\/product"}],"about":[{"href":"https:\/\/tecnicalivraria.com\/en\/wp-json\/wp\/v2\/types\/product"}],"replies":[{"embeddable":true,"href":"https:\/\/tecnicalivraria.com\/en\/wp-json\/wp\/v2\/comments?post=65128"}],"wp:featuredmedia":[{"embeddable":true,"href":"https:\/\/tecnicalivraria.com\/en\/wp-json\/wp\/v2\/media\/43448"}],"wp:attachment":[{"href":"https:\/\/tecnicalivraria.com\/en\/wp-json\/wp\/v2\/media?parent=65128"}],"wp:term":[{"taxonomy":"product_brand","embeddable":true,"href":"https:\/\/tecnicalivraria.com\/en\/wp-json\/wp\/v2\/product_brand?post=65128"},{"taxonomy":"product_cat","embeddable":true,"href":"https:\/\/tecnicalivraria.com\/en\/wp-json\/wp\/v2\/product_cat?post=65128"},{"taxonomy":"product_tag","embeddable":true,"href":"https:\/\/tecnicalivraria.com\/en\/wp-json\/wp\/v2\/product_tag?post=65128"}],"curies":[{"name":"wp","href":"https:\/\/api.w.org\/{rel}","templated":true}]}}