{"id":65129,"date":"2025-05-07T17:16:07","date_gmt":"2025-05-07T17:16:07","guid":{"rendered":"https:\/\/tecnicalivraria.com\/loja\/uncategorized\/arqa-82-83-acoes-patrimoniais\/"},"modified":"2026-01-22T16:55:27","modified_gmt":"2026-01-22T16:55:27","slug":"arqa-82-83-acoes-patrimoniais","status":"publish","type":"product","link":"https:\/\/tecnicalivraria.com\/en\/loja\/architecture\/arqa-82-83-acoes-patrimoniais\/","title":{"rendered":"ARQA 82\/83 \u2013 A\u00c7\u00d5ES PATRIMONIAIS"},"content":{"rendered":"","protected":false},"excerpt":{"rendered":"<div>\n<p>ARQA 82\/83 \u2013 A\u00c7\u00d5ES PATRIMONIAIS, arquitectos: ATELIER 15, CARRILHO DA GRA\u00c7A, JO\u00c3O MENDES RIBEIRO + CRISTINA GUEDES, C.REBELO, P.T. PIMENTEL + S.F. BARBOSA, ALBERTO CAMPO BAEZA, LI XIAODONG, MAD, KNERER &amp; LANG, REIULF RAMSTAD, ALEXANDRE ALVES COSTA, L\u00c9ON KRIER, MOVINGCITIES, MANUEL MOZOS, PROJECTO CH\u00c3O, XAVIER COSTA, MARCEL WANDERS, JOS\u00c9 MA\u00c7\u00c3S DE CARVALHO, SANDRO RESENDE, <\/p>\n<p>editora:ARQA,  \u00a0 NOSSO PRE\u00c7O: 9,9\u20ac<\/p>\n<div>\n<\/div>\n<\/p>\n<\/div>\n","protected":false},"featured_media":28994,"comment_status":"open","ping_status":"closed","template":"","meta":{"_acf_changed":false},"product_brand":[],"product_cat":[14749],"product_tag":[],"class_list":{"0":"post-65129","1":"product","2":"type-product","3":"status-publish","4":"has-post-thumbnail","6":"product_cat-architecture","8":"first","9":"instock","10":"sale","11":"taxable","12":"shipping-taxable","13":"purchasable","14":"product-type-simple"},"acf":[],"_links":{"self":[{"href":"https:\/\/tecnicalivraria.com\/en\/wp-json\/wp\/v2\/product\/65129","targetHints":{"allow":["GET"]}}],"collection":[{"href":"https:\/\/tecnicalivraria.com\/en\/wp-json\/wp\/v2\/product"}],"about":[{"href":"https:\/\/tecnicalivraria.com\/en\/wp-json\/wp\/v2\/types\/product"}],"replies":[{"embeddable":true,"href":"https:\/\/tecnicalivraria.com\/en\/wp-json\/wp\/v2\/comments?post=65129"}],"wp:featuredmedia":[{"embeddable":true,"href":"https:\/\/tecnicalivraria.com\/en\/wp-json\/wp\/v2\/media\/28994"}],"wp:attachment":[{"href":"https:\/\/tecnicalivraria.com\/en\/wp-json\/wp\/v2\/media?parent=65129"}],"wp:term":[{"taxonomy":"product_brand","embeddable":true,"href":"https:\/\/tecnicalivraria.com\/en\/wp-json\/wp\/v2\/product_brand?post=65129"},{"taxonomy":"product_cat","embeddable":true,"href":"https:\/\/tecnicalivraria.com\/en\/wp-json\/wp\/v2\/product_cat?post=65129"},{"taxonomy":"product_tag","embeddable":true,"href":"https:\/\/tecnicalivraria.com\/en\/wp-json\/wp\/v2\/product_tag?post=65129"}],"curies":[{"name":"wp","href":"https:\/\/api.w.org\/{rel}","templated":true}]}}