{"id":65133,"date":"2025-05-07T17:16:05","date_gmt":"2025-05-07T17:16:05","guid":{"rendered":"https:\/\/tecnicalivraria.com\/loja\/uncategorized\/verb-natures\/"},"modified":"2025-12-04T19:23:15","modified_gmt":"2025-12-04T19:23:15","slug":"verb-natures","status":"publish","type":"product","link":"https:\/\/tecnicalivraria.com\/en\/loja\/architecture\/verb-natures\/","title":{"rendered":"VERB NATURES"},"content":{"rendered":"","protected":false},"excerpt":{"rendered":"<div>\n<p><span><strong>VERB NATURES \u2013 <\/strong><span>arquitectos: ARANDA\/LASCH  + DANIEL BOSIA (ARUP AGU), SHOHEI MATSUKAWA<\/span> \/000STUDIO, CLEMENS WEISSHAAR &amp; REED KRAM, MICHAEL MEREDITH,MOS, FOSTER + PARTNERS, GEORGE L. LEGENDRE, IJP CORPORATION, PTW ARCHITECTS + ARUP AUSTRALIA + CSCEC, ON-A, HITOSHI ABE AIP, MANUEL GAUSA ASOCIADOS, VICENTE GUALLART, MICK PEARCE, YUSUKE OBUCHI, R&amp;SIE(N), CRISTINA D\u00cdAZ MORENO + EFR\u00c9N GARC\u00cdA GRINDA, AMID I, INI(ETH Y UNIVERSIDAD DE ZURICH), VEHOVAR JAUSLIN ARCHITEKTUR+INI, KAS OOSTERHUIS, ONL, TERRASWARM, PHILLIPE MOREL, EZCT ARCHITECTURE &amp; DESIGN RESEARCH, <\/p>\n<p>editor: ACTAR,  \u00a0\u00a0  <\/span><\/p>\n<\/div>\n","protected":false},"featured_media":28940,"comment_status":"open","ping_status":"closed","template":"","meta":{"_acf_changed":false},"product_brand":[],"product_cat":[14749],"product_tag":[],"class_list":{"0":"post-65133","1":"product","2":"type-product","3":"status-publish","4":"has-post-thumbnail","6":"product_cat-architecture","8":"first","9":"instock","10":"sale","11":"taxable","12":"shipping-taxable","13":"purchasable","14":"product-type-simple"},"acf":[],"_links":{"self":[{"href":"https:\/\/tecnicalivraria.com\/en\/wp-json\/wp\/v2\/product\/65133","targetHints":{"allow":["GET"]}}],"collection":[{"href":"https:\/\/tecnicalivraria.com\/en\/wp-json\/wp\/v2\/product"}],"about":[{"href":"https:\/\/tecnicalivraria.com\/en\/wp-json\/wp\/v2\/types\/product"}],"replies":[{"embeddable":true,"href":"https:\/\/tecnicalivraria.com\/en\/wp-json\/wp\/v2\/comments?post=65133"}],"wp:featuredmedia":[{"embeddable":true,"href":"https:\/\/tecnicalivraria.com\/en\/wp-json\/wp\/v2\/media\/28940"}],"wp:attachment":[{"href":"https:\/\/tecnicalivraria.com\/en\/wp-json\/wp\/v2\/media?parent=65133"}],"wp:term":[{"taxonomy":"product_brand","embeddable":true,"href":"https:\/\/tecnicalivraria.com\/en\/wp-json\/wp\/v2\/product_brand?post=65133"},{"taxonomy":"product_cat","embeddable":true,"href":"https:\/\/tecnicalivraria.com\/en\/wp-json\/wp\/v2\/product_cat?post=65133"},{"taxonomy":"product_tag","embeddable":true,"href":"https:\/\/tecnicalivraria.com\/en\/wp-json\/wp\/v2\/product_tag?post=65133"}],"curies":[{"name":"wp","href":"https:\/\/api.w.org\/{rel}","templated":true}]}}