{"id":65137,"date":"2025-05-07T17:16:03","date_gmt":"2025-05-07T17:16:03","guid":{"rendered":"https:\/\/tecnicalivraria.com\/loja\/uncategorized\/22-casas-ibericas\/"},"modified":"2025-05-07T17:16:03","modified_gmt":"2025-05-07T17:16:03","slug":"22-casas-ibericas","status":"publish","type":"product","link":"https:\/\/tecnicalivraria.com\/en\/loja\/architecture\/22-casas-ibericas\/","title":{"rendered":"22 CASAS IB\u00c9RICAS"},"content":{"rendered":"","protected":false},"excerpt":{"rendered":"<div>\n<p><span>22 CA<\/span><span>SA<\/span><span>S <\/span><span>IB\u00c9RIC<\/span><span>AS \u2013 <\/p>\n<p>autor: JOS\u00c9 MANUEL DAS NEVES, arquitectos: \u00c1LVARO SIZA VIEIRA, EDUARDO SOUTO DE MOURA, PIT\u00c1GORAS ARQUITECTOS, \u00a0\u00a0 <\/span><\/p>\n<\/div>\n","protected":false},"featured_media":31605,"comment_status":"open","ping_status":"closed","template":"","meta":{"_acf_changed":false},"product_brand":[],"product_cat":[14749],"product_tag":[],"class_list":{"0":"post-65137","1":"product","2":"type-product","3":"status-publish","4":"has-post-thumbnail","6":"product_cat-architecture","8":"first","9":"outofstock","10":"sale","11":"taxable","12":"shipping-taxable","13":"purchasable","14":"product-type-simple"},"acf":[],"_links":{"self":[{"href":"https:\/\/tecnicalivraria.com\/en\/wp-json\/wp\/v2\/product\/65137","targetHints":{"allow":["GET"]}}],"collection":[{"href":"https:\/\/tecnicalivraria.com\/en\/wp-json\/wp\/v2\/product"}],"about":[{"href":"https:\/\/tecnicalivraria.com\/en\/wp-json\/wp\/v2\/types\/product"}],"replies":[{"embeddable":true,"href":"https:\/\/tecnicalivraria.com\/en\/wp-json\/wp\/v2\/comments?post=65137"}],"wp:featuredmedia":[{"embeddable":true,"href":"https:\/\/tecnicalivraria.com\/en\/wp-json\/wp\/v2\/media\/31605"}],"wp:attachment":[{"href":"https:\/\/tecnicalivraria.com\/en\/wp-json\/wp\/v2\/media?parent=65137"}],"wp:term":[{"taxonomy":"product_brand","embeddable":true,"href":"https:\/\/tecnicalivraria.com\/en\/wp-json\/wp\/v2\/product_brand?post=65137"},{"taxonomy":"product_cat","embeddable":true,"href":"https:\/\/tecnicalivraria.com\/en\/wp-json\/wp\/v2\/product_cat?post=65137"},{"taxonomy":"product_tag","embeddable":true,"href":"https:\/\/tecnicalivraria.com\/en\/wp-json\/wp\/v2\/product_tag?post=65137"}],"curies":[{"name":"wp","href":"https:\/\/api.w.org\/{rel}","templated":true}]}}