{"id":65151,"date":"2025-03-23T16:34:03","date_gmt":"2025-03-23T16:34:03","guid":{"rendered":"https:\/\/tecnicalivraria.com\/loja\/uncategorized\/xs-ecologico-grandes-ideias-para-pequenos-edificios-2\/"},"modified":"2025-03-23T16:34:03","modified_gmt":"2025-03-23T16:34:03","slug":"xs-ecologico-grandes-ideias-para-pequenos-edificios-2","status":"publish","type":"product","link":"https:\/\/tecnicalivraria.com\/en\/loja\/architecture\/xs-ecologico-grandes-ideias-para-pequenos-edificios-2\/","title":{"rendered":"XS ECOL\u00d3GICO GRANDES IDEIAS PARA PEQUENOS EDIF\u00cdCIOS"},"content":{"rendered":"","protected":false},"excerpt":{"rendered":"<p><strong>XS ECOL\u00d3GICO GRANDES IDEIAS PARA PEQUENOS EDIF\u00cdCIOS \u2013 <\/strong>autores dos projectos: SHOP ARCHITECTS, EIGTHYSEVEN ARCHITECTS, CAROLINA CONTRERAS, THOMAS HEATHERWICK STUDIO, ENTRE OUTROS\u00a0\u00a0\u00a0\u00a0\u00a0 editor: GG- GUSTAVO GILI \u00a0 \u00a0 <\/p>\n","protected":false},"featured_media":59747,"comment_status":"open","ping_status":"closed","template":"","meta":{"_acf_changed":false},"product_brand":[],"product_cat":[14749],"product_tag":[],"class_list":{"0":"post-65151","1":"product","2":"type-product","3":"status-publish","4":"has-post-thumbnail","6":"product_cat-architecture","8":"first","9":"outofstock","10":"sale","11":"taxable","12":"shipping-taxable","13":"purchasable","14":"product-type-simple"},"acf":[],"_links":{"self":[{"href":"https:\/\/tecnicalivraria.com\/en\/wp-json\/wp\/v2\/product\/65151","targetHints":{"allow":["GET"]}}],"collection":[{"href":"https:\/\/tecnicalivraria.com\/en\/wp-json\/wp\/v2\/product"}],"about":[{"href":"https:\/\/tecnicalivraria.com\/en\/wp-json\/wp\/v2\/types\/product"}],"replies":[{"embeddable":true,"href":"https:\/\/tecnicalivraria.com\/en\/wp-json\/wp\/v2\/comments?post=65151"}],"wp:featuredmedia":[{"embeddable":true,"href":"https:\/\/tecnicalivraria.com\/en\/wp-json\/wp\/v2\/media\/59747"}],"wp:attachment":[{"href":"https:\/\/tecnicalivraria.com\/en\/wp-json\/wp\/v2\/media?parent=65151"}],"wp:term":[{"taxonomy":"product_brand","embeddable":true,"href":"https:\/\/tecnicalivraria.com\/en\/wp-json\/wp\/v2\/product_brand?post=65151"},{"taxonomy":"product_cat","embeddable":true,"href":"https:\/\/tecnicalivraria.com\/en\/wp-json\/wp\/v2\/product_cat?post=65151"},{"taxonomy":"product_tag","embeddable":true,"href":"https:\/\/tecnicalivraria.com\/en\/wp-json\/wp\/v2\/product_tag?post=65151"}],"curies":[{"name":"wp","href":"https:\/\/api.w.org\/{rel}","templated":true}]}}