{"id":65154,"date":"2025-03-11T23:13:48","date_gmt":"2025-03-11T23:13:48","guid":{"rendered":"https:\/\/tecnicalivraria.com\/loja\/uncategorized\/sistemas-de-construcao-xiv-construcao-e-reabilitacao-sustentaveis\/"},"modified":"2026-02-27T11:29:53","modified_gmt":"2026-02-27T11:29:53","slug":"sistemas-de-construcao-xiv-construcao-e-reabilitacao-sustentaveis","status":"publish","type":"product","link":"https:\/\/tecnicalivraria.com\/en\/loja\/architecture\/sistemas-de-construcao-xiv-construcao-e-reabilitacao-sustentaveis\/","title":{"rendered":"SISTEMAS DE CONSTRU\u00c7\u00c3O XIV &#8211; CONSTRU\u00c7\u00c3O E REABILITA\u00c7\u00c3O SUSTENT\u00c1VEIS"},"content":{"rendered":"","protected":false},"excerpt":{"rendered":"<div>\n<p><span><span><span><span><span><strong><span>SISTEMAS DE CONSTRU\u00c7\u00c3O XIV \u2013 CONSTRU\u00c7\u00c3O E REABILITA\u00c7\u00c3O SUSTENT\u00c1VEIS         <\/p>\n<p>AUTOR:  JORGE MASCARENHAS <\/span><\/strong><\/span><\/span><\/span><\/span><\/span><\/p>\n<p><span><span><span><span><span><strong><span><br \/>EDITOR: LIVROS HORIZONTE       <\/span><\/strong><\/span><\/span><\/span><\/span><br \/><span><span><span><span><strong><span><\/p>\n<div>\n<\/div>\n<p><\/span><\/strong><\/span><\/span><\/span><\/span><\/span><\/p>\n<\/div>\n","protected":false},"featured_media":31518,"comment_status":"open","ping_status":"closed","template":"","meta":{"_acf_changed":false},"product_brand":[],"product_cat":[14749],"product_tag":[],"class_list":{"0":"post-65154","1":"product","2":"type-product","3":"status-publish","4":"has-post-thumbnail","6":"product_cat-architecture","8":"first","9":"outofstock","10":"sale","11":"taxable","12":"shipping-taxable","13":"purchasable","14":"product-type-simple"},"acf":[],"_links":{"self":[{"href":"https:\/\/tecnicalivraria.com\/en\/wp-json\/wp\/v2\/product\/65154","targetHints":{"allow":["GET"]}}],"collection":[{"href":"https:\/\/tecnicalivraria.com\/en\/wp-json\/wp\/v2\/product"}],"about":[{"href":"https:\/\/tecnicalivraria.com\/en\/wp-json\/wp\/v2\/types\/product"}],"replies":[{"embeddable":true,"href":"https:\/\/tecnicalivraria.com\/en\/wp-json\/wp\/v2\/comments?post=65154"}],"wp:featuredmedia":[{"embeddable":true,"href":"https:\/\/tecnicalivraria.com\/en\/wp-json\/wp\/v2\/media\/31518"}],"wp:attachment":[{"href":"https:\/\/tecnicalivraria.com\/en\/wp-json\/wp\/v2\/media?parent=65154"}],"wp:term":[{"taxonomy":"product_brand","embeddable":true,"href":"https:\/\/tecnicalivraria.com\/en\/wp-json\/wp\/v2\/product_brand?post=65154"},{"taxonomy":"product_cat","embeddable":true,"href":"https:\/\/tecnicalivraria.com\/en\/wp-json\/wp\/v2\/product_cat?post=65154"},{"taxonomy":"product_tag","embeddable":true,"href":"https:\/\/tecnicalivraria.com\/en\/wp-json\/wp\/v2\/product_tag?post=65154"}],"curies":[{"name":"wp","href":"https:\/\/api.w.org\/{rel}","templated":true}]}}