{"id":65157,"date":"2025-03-11T22:49:30","date_gmt":"2025-03-11T22:49:30","guid":{"rendered":"https:\/\/tecnicalivraria.com\/loja\/uncategorized\/pedra-cal-53-reabilitacao-e-vulnerabilidade-sismica\/"},"modified":"2026-01-22T14:58:48","modified_gmt":"2026-01-22T14:58:48","slug":"pedra-cal-53-reabilitacao-e-vulnerabilidade-sismica","status":"publish","type":"product","link":"https:\/\/tecnicalivraria.com\/en\/loja\/architecture\/pedra-cal-53-reabilitacao-e-vulnerabilidade-sismica\/","title":{"rendered":"PEDRA &amp; CAL 53 \u2013 REABILITA\u00c7\u00c3O E VULNERABILIDADE S\u00cdSMICA"},"content":{"rendered":"","protected":false},"excerpt":{"rendered":"<div>\n<p><span><span><span><span><span><strong><span>PEDRA &amp; CAL 53 \u2013 REABILITA\u00c7\u00c3O E VULNERABILIDADE S\u00cdSMICA \u00a0 \u00a0 \u00a0 \u00a0 \u00a0 \u00a0\u00a0                <\/p>\n<p>EDITORA: GECORPA \u00a0 \u00a0 \u00a0 \u00a0 \u00a0 \u00a0\u00a0               PRE\u00c7O: 5\u20ac<\/span><\/strong><\/span><\/span><\/span><\/span><\/span><span><br \/><span><span><span><span><span><strong><span><\/p>\n<div>\n<\/div>\n<p><\/span><\/strong><\/span><\/span><\/span><\/span><\/span><\/span><\/p>\n<\/div>\n","protected":false},"featured_media":36560,"comment_status":"open","ping_status":"closed","template":"","meta":{"_acf_changed":false},"product_brand":[],"product_cat":[14749],"product_tag":[],"class_list":{"0":"post-65157","1":"product","2":"type-product","3":"status-publish","4":"has-post-thumbnail","6":"product_cat-architecture","8":"first","9":"instock","10":"sale","11":"taxable","12":"shipping-taxable","13":"purchasable","14":"product-type-simple"},"acf":[],"_links":{"self":[{"href":"https:\/\/tecnicalivraria.com\/en\/wp-json\/wp\/v2\/product\/65157","targetHints":{"allow":["GET"]}}],"collection":[{"href":"https:\/\/tecnicalivraria.com\/en\/wp-json\/wp\/v2\/product"}],"about":[{"href":"https:\/\/tecnicalivraria.com\/en\/wp-json\/wp\/v2\/types\/product"}],"replies":[{"embeddable":true,"href":"https:\/\/tecnicalivraria.com\/en\/wp-json\/wp\/v2\/comments?post=65157"}],"wp:featuredmedia":[{"embeddable":true,"href":"https:\/\/tecnicalivraria.com\/en\/wp-json\/wp\/v2\/media\/36560"}],"wp:attachment":[{"href":"https:\/\/tecnicalivraria.com\/en\/wp-json\/wp\/v2\/media?parent=65157"}],"wp:term":[{"taxonomy":"product_brand","embeddable":true,"href":"https:\/\/tecnicalivraria.com\/en\/wp-json\/wp\/v2\/product_brand?post=65157"},{"taxonomy":"product_cat","embeddable":true,"href":"https:\/\/tecnicalivraria.com\/en\/wp-json\/wp\/v2\/product_cat?post=65157"},{"taxonomy":"product_tag","embeddable":true,"href":"https:\/\/tecnicalivraria.com\/en\/wp-json\/wp\/v2\/product_tag?post=65157"}],"curies":[{"name":"wp","href":"https:\/\/api.w.org\/{rel}","templated":true}]}}