{"id":66259,"date":"2025-10-26T14:26:41","date_gmt":"2025-10-26T14:26:41","guid":{"rendered":"https:\/\/tecnicalivraria.com\/?post_type=product&#038;p=66259"},"modified":"2026-01-26T14:40:19","modified_gmt":"2026-01-26T14:40:19","slug":"architecti-11-12","status":"publish","type":"product","link":"https:\/\/tecnicalivraria.com\/en\/loja\/architecture\/architecti-11-12\/","title":{"rendered":"Archit\u00e9cti 11\/12"},"content":{"rendered":"","protected":false},"excerpt":{"rendered":"<p>Portugal 1991 alguns projectos. GON\u00c7ALO BYRNE\/MANUEL MATEUS, EUG\u00c9NIO CASTRO CALDAS\/NUNO T\u00c1VORA GOMES DA SILVA\/PEDRO MAUR\u00cdCIO BORGES, JO\u00c3O CARREIRA, ROG\u00c9RIO CAVACA\/MARIA CEC\u00cdLIA CAVACA, ALEXANDRE ALVES COSTA, LUIZ CUNHA7DOMINGOS AVILA GOMES, ADALBERTO DIAS, JO\u00c3O LUCAS DIAS, MANUEL GRA\u00c7A DIAS\/EGAS JOS\u00c9 VIEIRA, MANUEL CORREIA FERNANDES, HESTNES FERREIRA, VITOR FIGUEIREDO\/JORGE FILIPE PINTO, JORGE GIGANTE\/FRANCISCO FIGUEIREDO MELO, JOS\u00c9 GIGANTE\/JO\u00c3O \u00c1LVARO ROCHA, C\u00c2NDIDO CHUVA GOMES, JOS\u00c9 JORGE GOMES\/MANUEL MOREDA\/MIGUEL GUEDES DE CARVALHO, JO\u00c3O LUIS CARRILHO DA GRA\u00c7A. ANT\u00d3NIO GRADIM, JO\u00c3O L\u00daCIO LOPES, MANUEL MATEUS\/JOS\u00c9 MATEUS, NUNO MATEUS\/JOS\u00c9 MATEUS, MANUEL MAIA\/JOS\u00c9 AMORIM, PEDRO MENDO, DUARTE CABRAL DE MELLO\/M.\u00aa MANUEL GODINHO DE ALMEIDA, VICTOR MESTRE, EDUARDO SOUTO DE MOURA, JO\u00c3O NASI PEREIRA, JO\u00c3O PERLOIRO\/JO\u00c3O LUIS FERREIRA\/PAULO PERLOIRO\/PAULO MARTINS BARATA, JOS\u00c9 CARLOS PORTUGAL\/CARLOS PRATA, JO\u00c3O PAULO PROVID\u00caNCIA\/JOS\u00c9 FERNANDO GON\u00c7ALVES, PEDRO RAMALHO\/LU\u00cdS RAMALHO, JO\u00c3O \u00c1LVARO ROCHA, JOS\u00c9 SANTA-RITA\/JO\u00c3O SANTA-RITA\/PEDRO UCHA\/ROS\u00c1RIO VENADE, FERANDO SALVADOR\/MARGARIDA GR\u00c1CIO NUNES, ALCINO SOUTINHO, MANUEL TAINHA, DOMINGOS TAVARES, BERNARDO T\u00c1VORA, FERANDO T\u00c1VORA, ADALBERTO TENREIRO, LUIZ TRIGUEIROS, MANUEL VICENTE, \u00c1LVARO SIZA\/ANT\u00d3NIO MADUREIRA.<\/p>\n","protected":false},"featured_media":66258,"comment_status":"open","ping_status":"closed","template":"","meta":{"_acf_changed":false},"product_brand":[],"product_cat":[14749],"product_tag":[],"class_list":{"0":"post-66259","1":"product","2":"type-product","3":"status-publish","4":"has-post-thumbnail","6":"product_cat-architecture","8":"first","9":"instock","10":"sale","11":"taxable","12":"shipping-taxable","13":"purchasable","14":"product-type-simple"},"acf":[],"_links":{"self":[{"href":"https:\/\/tecnicalivraria.com\/en\/wp-json\/wp\/v2\/product\/66259","targetHints":{"allow":["GET"]}}],"collection":[{"href":"https:\/\/tecnicalivraria.com\/en\/wp-json\/wp\/v2\/product"}],"about":[{"href":"https:\/\/tecnicalivraria.com\/en\/wp-json\/wp\/v2\/types\/product"}],"replies":[{"embeddable":true,"href":"https:\/\/tecnicalivraria.com\/en\/wp-json\/wp\/v2\/comments?post=66259"}],"wp:featuredmedia":[{"embeddable":true,"href":"https:\/\/tecnicalivraria.com\/en\/wp-json\/wp\/v2\/media\/66258"}],"wp:attachment":[{"href":"https:\/\/tecnicalivraria.com\/en\/wp-json\/wp\/v2\/media?parent=66259"}],"wp:term":[{"taxonomy":"product_brand","embeddable":true,"href":"https:\/\/tecnicalivraria.com\/en\/wp-json\/wp\/v2\/product_brand?post=66259"},{"taxonomy":"product_cat","embeddable":true,"href":"https:\/\/tecnicalivraria.com\/en\/wp-json\/wp\/v2\/product_cat?post=66259"},{"taxonomy":"product_tag","embeddable":true,"href":"https:\/\/tecnicalivraria.com\/en\/wp-json\/wp\/v2\/product_tag?post=66259"}],"curies":[{"name":"wp","href":"https:\/\/api.w.org\/{rel}","templated":true}]}}