{"id":66466,"date":"2025-03-11T15:05:03","date_gmt":"2025-03-11T15:05:03","guid":{"rendered":"https:\/\/tecnicalivraria.com\/?post_type=product&#038;p=66466"},"modified":"2026-03-11T16:42:29","modified_gmt":"2026-03-11T16:42:29","slug":"av-monografias-72-casas-de-autor-signature-houses","status":"publish","type":"product","link":"https:\/\/tecnicalivraria.com\/en\/loja\/architecture\/av-monografias-72-casas-de-autor-signature-houses\/","title":{"rendered":"AV Monografias 72 Casas de Autor (Signature Houses)"},"content":{"rendered":"","protected":false},"excerpt":{"rendered":"<p>REM KOOLHAAS \/ OMA, MVRDV &amp; BJARNE MASTENBROCK, SEJIMA &amp; NISHIZAWA, SHIGERU BAN, LACATON &amp; VASSAL, HERZOG &amp; DE MEURON, PETER M\u00c4RKLI, EDUARDO SOUTO DE MOURA, JO\u00c3O \u00c1LVARO ROCHA, OTHERS.<\/p>\n","protected":false},"featured_media":66465,"comment_status":"open","ping_status":"closed","template":"","meta":{"_acf_changed":false},"product_brand":[],"product_cat":[14749],"product_tag":[],"class_list":{"0":"post-66466","1":"product","2":"type-product","3":"status-publish","4":"has-post-thumbnail","6":"product_cat-architecture","8":"first","9":"instock","10":"taxable","11":"shipping-taxable","12":"purchasable","13":"product-type-simple"},"acf":[],"_links":{"self":[{"href":"https:\/\/tecnicalivraria.com\/en\/wp-json\/wp\/v2\/product\/66466","targetHints":{"allow":["GET"]}}],"collection":[{"href":"https:\/\/tecnicalivraria.com\/en\/wp-json\/wp\/v2\/product"}],"about":[{"href":"https:\/\/tecnicalivraria.com\/en\/wp-json\/wp\/v2\/types\/product"}],"replies":[{"embeddable":true,"href":"https:\/\/tecnicalivraria.com\/en\/wp-json\/wp\/v2\/comments?post=66466"}],"wp:featuredmedia":[{"embeddable":true,"href":"https:\/\/tecnicalivraria.com\/en\/wp-json\/wp\/v2\/media\/66465"}],"wp:attachment":[{"href":"https:\/\/tecnicalivraria.com\/en\/wp-json\/wp\/v2\/media?parent=66466"}],"wp:term":[{"taxonomy":"product_brand","embeddable":true,"href":"https:\/\/tecnicalivraria.com\/en\/wp-json\/wp\/v2\/product_brand?post=66466"},{"taxonomy":"product_cat","embeddable":true,"href":"https:\/\/tecnicalivraria.com\/en\/wp-json\/wp\/v2\/product_cat?post=66466"},{"taxonomy":"product_tag","embeddable":true,"href":"https:\/\/tecnicalivraria.com\/en\/wp-json\/wp\/v2\/product_tag?post=66466"}],"curies":[{"name":"wp","href":"https:\/\/api.w.org\/{rel}","templated":true}]}}