{"id":66501,"date":"2025-03-11T19:20:20","date_gmt":"2025-03-11T19:20:20","guid":{"rendered":"https:\/\/tecnicalivraria.com\/?post_type=product&#038;p=66501"},"modified":"2026-03-11T19:20:43","modified_gmt":"2026-03-11T19:20:43","slug":"av-109-portugal-panoramico","status":"publish","type":"product","link":"https:\/\/tecnicalivraria.com\/en\/loja\/architecture\/av-109-portugal-panoramico\/","title":{"rendered":"AV 109 PORTUGAL PANOR\u00c1MICO"},"content":{"rendered":"","protected":false},"excerpt":{"rendered":"<p>PAULO DAVID, AIRES MATEUS, JO\u00c3O MENDES RIBEIRO, CANNAT\u00c0 Y FERNANDES, PROMONOT\u00d3RIO, JO\u00c3O \u00c1LVARO ROCHA, IN\u00caS LOBO, PETER EISENMAN, CARLOS, VELOSO, OTHERS.<\/p>\n","protected":false},"featured_media":66500,"comment_status":"open","ping_status":"closed","template":"","meta":{"_acf_changed":false},"product_brand":[],"product_cat":[14749],"product_tag":[],"class_list":{"0":"post-66501","1":"product","2":"type-product","3":"status-publish","4":"has-post-thumbnail","6":"product_cat-architecture","8":"first","9":"outofstock","10":"sale","11":"taxable","12":"shipping-taxable","13":"purchasable","14":"product-type-simple"},"acf":[],"_links":{"self":[{"href":"https:\/\/tecnicalivraria.com\/en\/wp-json\/wp\/v2\/product\/66501","targetHints":{"allow":["GET"]}}],"collection":[{"href":"https:\/\/tecnicalivraria.com\/en\/wp-json\/wp\/v2\/product"}],"about":[{"href":"https:\/\/tecnicalivraria.com\/en\/wp-json\/wp\/v2\/types\/product"}],"replies":[{"embeddable":true,"href":"https:\/\/tecnicalivraria.com\/en\/wp-json\/wp\/v2\/comments?post=66501"}],"wp:featuredmedia":[{"embeddable":true,"href":"https:\/\/tecnicalivraria.com\/en\/wp-json\/wp\/v2\/media\/66500"}],"wp:attachment":[{"href":"https:\/\/tecnicalivraria.com\/en\/wp-json\/wp\/v2\/media?parent=66501"}],"wp:term":[{"taxonomy":"product_brand","embeddable":true,"href":"https:\/\/tecnicalivraria.com\/en\/wp-json\/wp\/v2\/product_brand?post=66501"},{"taxonomy":"product_cat","embeddable":true,"href":"https:\/\/tecnicalivraria.com\/en\/wp-json\/wp\/v2\/product_cat?post=66501"},{"taxonomy":"product_tag","embeddable":true,"href":"https:\/\/tecnicalivraria.com\/en\/wp-json\/wp\/v2\/product_tag?post=66501"}],"curies":[{"name":"wp","href":"https:\/\/api.w.org\/{rel}","templated":true}]}}