{"id":66511,"date":"2025-03-11T19:34:29","date_gmt":"2025-03-11T19:34:29","guid":{"rendered":"https:\/\/tecnicalivraria.com\/?post_type=product&#038;p=66511"},"modified":"2026-03-11T19:36:48","modified_gmt":"2026-03-11T19:36:48","slug":"2g-20-arquitectura-portuguesa","status":"publish","type":"product","link":"https:\/\/tecnicalivraria.com\/en\/loja\/architecture\/2g-20-arquitectura-portuguesa\/","title":{"rendered":"2G 20 ARQUITECTURA PORTUGUESA"},"content":{"rendered":"","protected":false},"excerpt":{"rendered":"<p>AIRES MATEUS, ATELIER B\u00daGIO, PEDRO FALC\u00c3O DE CAMPOS, JOS\u00c9 FERNANDO GON\u00c7ALVES, CRISTINA GUEDES, FRANCISCO VIEIRA DE CAMPOS, IN\u00caS LOBO, PEDRO DOMINGOS, JO\u00c3O MENDES RIBEIRO, PEDRO MENDES, ANT\u00d3NIO PORTUGAL, MANUEL MARIA REIS, PAULO PROVID\u00caNCIA, SER\u00d4DIO &amp; ASSOCIADOS, VILELA &amp; GORDON.<\/p>\n","protected":false},"featured_media":66508,"comment_status":"open","ping_status":"closed","template":"","meta":{"_acf_changed":false},"product_brand":[],"product_cat":[14749],"product_tag":[],"class_list":{"0":"post-66511","1":"product","2":"type-product","3":"status-publish","4":"has-post-thumbnail","6":"product_cat-architecture","8":"first","9":"outofstock","10":"taxable","11":"shipping-taxable","12":"purchasable","13":"product-type-simple"},"acf":[],"_links":{"self":[{"href":"https:\/\/tecnicalivraria.com\/en\/wp-json\/wp\/v2\/product\/66511","targetHints":{"allow":["GET"]}}],"collection":[{"href":"https:\/\/tecnicalivraria.com\/en\/wp-json\/wp\/v2\/product"}],"about":[{"href":"https:\/\/tecnicalivraria.com\/en\/wp-json\/wp\/v2\/types\/product"}],"replies":[{"embeddable":true,"href":"https:\/\/tecnicalivraria.com\/en\/wp-json\/wp\/v2\/comments?post=66511"}],"wp:featuredmedia":[{"embeddable":true,"href":"https:\/\/tecnicalivraria.com\/en\/wp-json\/wp\/v2\/media\/66508"}],"wp:attachment":[{"href":"https:\/\/tecnicalivraria.com\/en\/wp-json\/wp\/v2\/media?parent=66511"}],"wp:term":[{"taxonomy":"product_brand","embeddable":true,"href":"https:\/\/tecnicalivraria.com\/en\/wp-json\/wp\/v2\/product_brand?post=66511"},{"taxonomy":"product_cat","embeddable":true,"href":"https:\/\/tecnicalivraria.com\/en\/wp-json\/wp\/v2\/product_cat?post=66511"},{"taxonomy":"product_tag","embeddable":true,"href":"https:\/\/tecnicalivraria.com\/en\/wp-json\/wp\/v2\/product_tag?post=66511"}],"curies":[{"name":"wp","href":"https:\/\/api.w.org\/{rel}","templated":true}]}}