{"id":66578,"date":"2025-03-12T16:24:09","date_gmt":"2025-03-12T16:24:09","guid":{"rendered":"https:\/\/tecnicalivraria.com\/?post_type=product&#038;p=66578"},"modified":"2026-03-12T16:25:29","modified_gmt":"2026-03-12T16:25:29","slug":"vivir-na-cidade-historica-111-respostas-sobre-a-conservacion-da-cidade-historica-de-santiago-de-compostela","status":"publish","type":"product","link":"https:\/\/tecnicalivraria.com\/en\/loja\/architecture\/vivir-na-cidade-historica-111-respostas-sobre-a-conservacion-da-cidade-historica-de-santiago-de-compostela\/","title":{"rendered":"Vivir na Cidade Hist\u00f3rica &#8211; 111 Respostas Sobre a Conservaci\u00f3n da Cidade Hist\u00f3rica de Santiago de Compostela"},"content":{"rendered":"","protected":false},"excerpt":{"rendered":"","protected":false},"featured_media":66574,"comment_status":"open","ping_status":"closed","template":"","meta":{"_acf_changed":false},"product_brand":[],"product_cat":[14749],"product_tag":[],"class_list":{"0":"post-66578","1":"product","2":"type-product","3":"status-publish","4":"has-post-thumbnail","6":"product_cat-architecture","8":"first","9":"outofstock","10":"taxable","11":"shipping-taxable","12":"purchasable","13":"product-type-simple"},"acf":[],"_links":{"self":[{"href":"https:\/\/tecnicalivraria.com\/en\/wp-json\/wp\/v2\/product\/66578","targetHints":{"allow":["GET"]}}],"collection":[{"href":"https:\/\/tecnicalivraria.com\/en\/wp-json\/wp\/v2\/product"}],"about":[{"href":"https:\/\/tecnicalivraria.com\/en\/wp-json\/wp\/v2\/types\/product"}],"replies":[{"embeddable":true,"href":"https:\/\/tecnicalivraria.com\/en\/wp-json\/wp\/v2\/comments?post=66578"}],"wp:featuredmedia":[{"embeddable":true,"href":"https:\/\/tecnicalivraria.com\/en\/wp-json\/wp\/v2\/media\/66574"}],"wp:attachment":[{"href":"https:\/\/tecnicalivraria.com\/en\/wp-json\/wp\/v2\/media?parent=66578"}],"wp:term":[{"taxonomy":"product_brand","embeddable":true,"href":"https:\/\/tecnicalivraria.com\/en\/wp-json\/wp\/v2\/product_brand?post=66578"},{"taxonomy":"product_cat","embeddable":true,"href":"https:\/\/tecnicalivraria.com\/en\/wp-json\/wp\/v2\/product_cat?post=66578"},{"taxonomy":"product_tag","embeddable":true,"href":"https:\/\/tecnicalivraria.com\/en\/wp-json\/wp\/v2\/product_tag?post=66578"}],"curies":[{"name":"wp","href":"https:\/\/api.w.org\/{rel}","templated":true}]}}